{"id":165,"date":"2018-01-28T15:06:14","date_gmt":"2018-01-28T15:06:14","guid":{"rendered":"http:\/\/wptemplate.itlapalma.eu\/?page_id=165"},"modified":"2024-03-08T12:31:38","modified_gmt":"2024-03-08T12:31:38","slug":"home","status":"publish","type":"page","link":"https:\/\/yaya-canarias.com\/es\/","title":{"rendered":"Home"},"content":{"rendered":"\n<div class=\"wp-block-uagb-container uagb-block-30370eeb alignfull uagb-is-root-container\"><div class=\"uagb-container-inner-blocks-wrap\">\n<div class=\"wp-block-uagb-container uagb-block-a17731d6\">\n<figure class=\"wp-block-image aligncenter size-full is-resized\"><img loading=\"lazy\" decoding=\"async\" width=\"581\" height=\"872\" src=\"https:\/\/yaya-canarias.com\/wp-content\/uploads\/Logo-YaYa.jpg\" alt=\"\" class=\"wp-image-462\" style=\"width:200px\" srcset=\"https:\/\/yaya-canarias.com\/wp-content\/uploads\/Logo-YaYa.jpg 581w, https:\/\/yaya-canarias.com\/wp-content\/uploads\/Logo-YaYa-200x300.jpg 200w\" sizes=\"auto, (max-width: 581px) 100vw, 581px\" \/><\/figure>\n\n\n\n<div style=\"height:160px\" aria-hidden=\"true\" class=\"wp-block-spacer uag-hide-mob\"><\/div>\n<\/div>\n\n\n\n<div class=\"wp-block-uagb-container itlp_mod_main4-1 uagb-block-6f385e93\">\n<p><img loading=\"lazy\" decoding=\"async\" class=\"aligncenter wp-image-941\" src=\"https:\/\/yaya-canarias.com\/wp-content\/uploads\/Neil-Spindler-279x300.jpg\" alt=\"\" width=\"158\" height=\"170\" srcset=\"https:\/\/yaya-canarias.com\/wp-content\/uploads\/Neil-Spindler-279x300.jpg 279w, https:\/\/yaya-canarias.com\/wp-content\/uploads\/Neil-Spindler.jpg 596w\" sizes=\"auto, (max-width: 158px) 100vw, 158px\" \/> \u00a0<\/p>\n<h2 style=\"text-align: center;\">Materiales inteligentes para la Construcci\u00f3n moderna y sostenible<\/h2>\n<h2 style=\"text-align: center;\">Pinturas n\u00e1uticas e industriales<\/h2>\n<h2 style=\"text-align: center;\">Restauraci\u00f3n de Patrimonio &amp; Inyecci\u00f3n Grout autonivelante \/ E\u00f3lica<\/h2>\n<h4 style=\"text-align: center;\">Asesoramiento cualificado a Nivel alem\u00e1n<\/h4>\n<\/div>\n\n\n\n<div class=\"wp-block-uagb-container uagb-block-15f4f14a\">\n<p style=\"text-align: center;\"><a class=\"myButton1\" href=\"\/es\/fichas-tecnicas-de-los-productos\">YaYa\u00ae<br \/>Fichas t\u00e9cnicas<\/a><\/p>\n<p style=\"text-align: center;\"><a class=\"myButton2\" href=\"\/es\/sistemas-de-aplicacion\">YaYa\u00ae<br \/>Sistemas de Aplicaci\u00f3n\u00a0\u00a0\u00a0<\/a><\/p>\n<p style=\"text-align: center;\"><a class=\"myButton1\" href=\"\/es\/documentos-y-certificados\">YaYa\u00ae<br \/>Documentos y Certificados<\/a><\/p>\n<\/div>\n<\/div><\/div>\n","protected":false},"excerpt":{"rendered":"<p>\u00a0 Materiales inteligentes para la Construcci\u00f3n moderna y sostenible Pinturas n\u00e1uticas e industriales Restauraci\u00f3n de Patrimonio &amp; Inyecci\u00f3n Grout autonivelante [&hellip;]<\/p>\n","protected":false},"author":2,"featured_media":0,"parent":0,"menu_order":0,"comment_status":"closed","ping_status":"closed","template":"","meta":{"_uag_custom_page_level_css":"","site-sidebar-layout":"default","site-content-layout":"","ast-site-content-layout":"default","site-content-style":"default","site-sidebar-style":"default","ast-global-header-display":"","ast-banner-title-visibility":"","ast-main-header-display":"","ast-hfb-above-header-display":"","ast-hfb-below-header-display":"","ast-hfb-mobile-header-display":"","site-post-title":"","ast-breadcrumbs-content":"","ast-featured-img":"","footer-sml-layout":"","ast-disable-related-posts":"","theme-transparent-header-meta":"","adv-header-id-meta":"","stick-header-meta":"","header-above-stick-meta":"","header-main-stick-meta":"","header-below-stick-meta":"","astra-migrate-meta-layouts":"default","ast-page-background-enabled":"default","ast-page-background-meta":{"desktop":{"background-color":"var(--ast-global-color-4)","background-image":"","background-repeat":"repeat","background-position":"center center","background-size":"auto","background-attachment":"scroll","background-type":"","background-media":"","overlay-type":"","overlay-color":"","overlay-opacity":"","overlay-gradient":""},"tablet":{"background-color":"","background-image":"","background-repeat":"repeat","background-position":"center center","background-size":"auto","background-attachment":"scroll","background-type":"","background-media":"","overlay-type":"","overlay-color":"","overlay-opacity":"","overlay-gradient":""},"mobile":{"background-color":"","background-image":"","background-repeat":"repeat","background-position":"center center","background-size":"auto","background-attachment":"scroll","background-type":"","background-media":"","overlay-type":"","overlay-color":"","overlay-opacity":"","overlay-gradient":""}},"ast-content-background-meta":{"desktop":{"background-color":"var(--ast-global-color-5)","background-image":"","background-repeat":"repeat","background-position":"center center","background-size":"auto","background-attachment":"scroll","background-type":"","background-media":"","overlay-type":"","overlay-color":"","overlay-opacity":"","overlay-gradient":""},"tablet":{"background-color":"var(--ast-global-color-5)","background-image":"","background-repeat":"repeat","background-position":"center center","background-size":"auto","background-attachment":"scroll","background-type":"","background-media":"","overlay-type":"","overlay-color":"","overlay-opacity":"","overlay-gradient":""},"mobile":{"background-color":"var(--ast-global-color-5)","background-image":"","background-repeat":"repeat","background-position":"center center","background-size":"auto","background-attachment":"scroll","background-type":"","background-media":"","overlay-type":"","overlay-color":"","overlay-opacity":"","overlay-gradient":""}},"footnotes":""},"class_list":["post-165","page","type-page","status-publish","hentry"],"yoast_head":"<!-- This site is optimized with the Yoast SEO plugin v27.3 - https:\/\/yoast.com\/product\/yoast-seo-wordpress\/ -->\n<title>Home - Yaya Canarias<\/title>\n<meta name=\"robots\" content=\"index, follow, max-snippet:-1, max-image-preview:large, max-video-preview:-1\" \/>\n<link rel=\"canonical\" href=\"https:\/\/yaya-canarias.com\/es\/\" \/>\n<meta property=\"og:locale\" content=\"es_ES\" \/>\n<meta property=\"og:type\" content=\"article\" \/>\n<meta property=\"og:title\" content=\"Home - Yaya Canarias\" \/>\n<meta property=\"og:description\" content=\"\u00a0 Materiales inteligentes para la Construcci\u00f3n moderna y sostenible Pinturas n\u00e1uticas e industriales Restauraci\u00f3n de Patrimonio &amp; Inyecci\u00f3n Grout autonivelante [&hellip;]\" \/>\n<meta property=\"og:url\" content=\"https:\/\/yaya-canarias.com\/es\/\" \/>\n<meta property=\"og:site_name\" content=\"Yaya Canarias\" \/>\n<meta property=\"article:modified_time\" content=\"2024-03-08T12:31:38+00:00\" \/>\n<meta property=\"og:image\" content=\"https:\/\/yaya-canarias.com\/wp-content\/uploads\/Logo-YaYa.jpg\" \/>\n<meta name=\"twitter:card\" content=\"summary_large_image\" \/>\n<meta name=\"twitter:label1\" content=\"Tiempo de lectura\" \/>\n\t<meta name=\"twitter:data1\" content=\"1 minuto\" \/>\n<script type=\"application\/ld+json\" class=\"yoast-schema-graph\">{\"@context\":\"https:\\\/\\\/schema.org\",\"@graph\":[{\"@type\":\"WebPage\",\"@id\":\"https:\\\/\\\/yaya-canarias.com\\\/es\\\/\",\"url\":\"https:\\\/\\\/yaya-canarias.com\\\/es\\\/\",\"name\":\"Home - Yaya Canarias\",\"isPartOf\":{\"@id\":\"https:\\\/\\\/yaya-canarias.com\\\/es\\\/#website\"},\"primaryImageOfPage\":{\"@id\":\"https:\\\/\\\/yaya-canarias.com\\\/es\\\/#primaryimage\"},\"image\":{\"@id\":\"https:\\\/\\\/yaya-canarias.com\\\/es\\\/#primaryimage\"},\"thumbnailUrl\":\"https:\\\/\\\/yaya-canarias.com\\\/wp-content\\\/uploads\\\/Logo-YaYa.jpg\",\"datePublished\":\"2018-01-28T15:06:14+00:00\",\"dateModified\":\"2024-03-08T12:31:38+00:00\",\"breadcrumb\":{\"@id\":\"https:\\\/\\\/yaya-canarias.com\\\/es\\\/#breadcrumb\"},\"inLanguage\":\"es\",\"potentialAction\":[{\"@type\":\"ReadAction\",\"target\":[\"https:\\\/\\\/yaya-canarias.com\\\/es\\\/\"]}]},{\"@type\":\"ImageObject\",\"inLanguage\":\"es\",\"@id\":\"https:\\\/\\\/yaya-canarias.com\\\/es\\\/#primaryimage\",\"url\":\"https:\\\/\\\/yaya-canarias.com\\\/wp-content\\\/uploads\\\/Logo-YaYa.jpg\",\"contentUrl\":\"https:\\\/\\\/yaya-canarias.com\\\/wp-content\\\/uploads\\\/Logo-YaYa.jpg\"},{\"@type\":\"BreadcrumbList\",\"@id\":\"https:\\\/\\\/yaya-canarias.com\\\/es\\\/#breadcrumb\",\"itemListElement\":[{\"@type\":\"ListItem\",\"position\":1,\"name\":\"Home\",\"item\":\"https:\\\/\\\/yaya-canarias.com\\\/es\\\/\"},{\"@type\":\"ListItem\",\"position\":2,\"name\":\"Home\"}]},{\"@type\":\"WebSite\",\"@id\":\"https:\\\/\\\/yaya-canarias.com\\\/es\\\/#website\",\"url\":\"https:\\\/\\\/yaya-canarias.com\\\/es\\\/\",\"name\":\"Yaya Canarias\",\"description\":\"home\",\"publisher\":{\"@id\":\"https:\\\/\\\/yaya-canarias.com\\\/es\\\/#organization\"},\"potentialAction\":[{\"@type\":\"SearchAction\",\"target\":{\"@type\":\"EntryPoint\",\"urlTemplate\":\"https:\\\/\\\/yaya-canarias.com\\\/es\\\/?s={search_term_string}\"},\"query-input\":{\"@type\":\"PropertyValueSpecification\",\"valueRequired\":true,\"valueName\":\"search_term_string\"}}],\"inLanguage\":\"es\"},{\"@type\":\"Organization\",\"@id\":\"https:\\\/\\\/yaya-canarias.com\\\/es\\\/#organization\",\"name\":\"YaYa Materiales, SLU\",\"url\":\"https:\\\/\\\/yaya-canarias.com\\\/es\\\/\",\"logo\":{\"@type\":\"ImageObject\",\"inLanguage\":\"es\",\"@id\":\"https:\\\/\\\/yaya-canarias.com\\\/es\\\/#\\\/schema\\\/logo\\\/image\\\/\",\"url\":\"https:\\\/\\\/yaya-canarias.com\\\/wp-content\\\/uploads\\\/Logo-YaYa.jpg\",\"contentUrl\":\"https:\\\/\\\/yaya-canarias.com\\\/wp-content\\\/uploads\\\/Logo-YaYa.jpg\",\"width\":581,\"height\":872,\"caption\":\"YaYa Materiales, SLU\"},\"image\":{\"@id\":\"https:\\\/\\\/yaya-canarias.com\\\/es\\\/#\\\/schema\\\/logo\\\/image\\\/\"}}]}<\/script>\n<!-- \/ Yoast SEO plugin. -->","yoast_head_json":{"title":"Home - Yaya Canarias","robots":{"index":"index","follow":"follow","max-snippet":"max-snippet:-1","max-image-preview":"max-image-preview:large","max-video-preview":"max-video-preview:-1"},"canonical":"https:\/\/yaya-canarias.com\/es\/","og_locale":"es_ES","og_type":"article","og_title":"Home - Yaya Canarias","og_description":"\u00a0 Materiales inteligentes para la Construcci\u00f3n moderna y sostenible Pinturas n\u00e1uticas e industriales Restauraci\u00f3n de Patrimonio &amp; Inyecci\u00f3n Grout autonivelante [&hellip;]","og_url":"https:\/\/yaya-canarias.com\/es\/","og_site_name":"Yaya Canarias","article_modified_time":"2024-03-08T12:31:38+00:00","og_image":[{"url":"https:\/\/yaya-canarias.com\/wp-content\/uploads\/Logo-YaYa.jpg","type":"","width":"","height":""}],"twitter_card":"summary_large_image","twitter_misc":{"Tiempo de lectura":"1 minuto"},"schema":{"@context":"https:\/\/schema.org","@graph":[{"@type":"WebPage","@id":"https:\/\/yaya-canarias.com\/es\/","url":"https:\/\/yaya-canarias.com\/es\/","name":"Home - Yaya Canarias","isPartOf":{"@id":"https:\/\/yaya-canarias.com\/es\/#website"},"primaryImageOfPage":{"@id":"https:\/\/yaya-canarias.com\/es\/#primaryimage"},"image":{"@id":"https:\/\/yaya-canarias.com\/es\/#primaryimage"},"thumbnailUrl":"https:\/\/yaya-canarias.com\/wp-content\/uploads\/Logo-YaYa.jpg","datePublished":"2018-01-28T15:06:14+00:00","dateModified":"2024-03-08T12:31:38+00:00","breadcrumb":{"@id":"https:\/\/yaya-canarias.com\/es\/#breadcrumb"},"inLanguage":"es","potentialAction":[{"@type":"ReadAction","target":["https:\/\/yaya-canarias.com\/es\/"]}]},{"@type":"ImageObject","inLanguage":"es","@id":"https:\/\/yaya-canarias.com\/es\/#primaryimage","url":"https:\/\/yaya-canarias.com\/wp-content\/uploads\/Logo-YaYa.jpg","contentUrl":"https:\/\/yaya-canarias.com\/wp-content\/uploads\/Logo-YaYa.jpg"},{"@type":"BreadcrumbList","@id":"https:\/\/yaya-canarias.com\/es\/#breadcrumb","itemListElement":[{"@type":"ListItem","position":1,"name":"Home","item":"https:\/\/yaya-canarias.com\/es\/"},{"@type":"ListItem","position":2,"name":"Home"}]},{"@type":"WebSite","@id":"https:\/\/yaya-canarias.com\/es\/#website","url":"https:\/\/yaya-canarias.com\/es\/","name":"Yaya Canarias","description":"home","publisher":{"@id":"https:\/\/yaya-canarias.com\/es\/#organization"},"potentialAction":[{"@type":"SearchAction","target":{"@type":"EntryPoint","urlTemplate":"https:\/\/yaya-canarias.com\/es\/?s={search_term_string}"},"query-input":{"@type":"PropertyValueSpecification","valueRequired":true,"valueName":"search_term_string"}}],"inLanguage":"es"},{"@type":"Organization","@id":"https:\/\/yaya-canarias.com\/es\/#organization","name":"YaYa Materiales, SLU","url":"https:\/\/yaya-canarias.com\/es\/","logo":{"@type":"ImageObject","inLanguage":"es","@id":"https:\/\/yaya-canarias.com\/es\/#\/schema\/logo\/image\/","url":"https:\/\/yaya-canarias.com\/wp-content\/uploads\/Logo-YaYa.jpg","contentUrl":"https:\/\/yaya-canarias.com\/wp-content\/uploads\/Logo-YaYa.jpg","width":581,"height":872,"caption":"YaYa Materiales, SLU"},"image":{"@id":"https:\/\/yaya-canarias.com\/es\/#\/schema\/logo\/image\/"}}]}},"spectra_custom_meta":{"_edit_lock":["1709901980:2"],"_edit_last":["2"],"_yoast_wpseo_content_score":["90"],"_wp_page_template":[""],"_last_translation_edit_mode":["native-editor"],"_wpml_word_count":["{\"total\":36,\"to_translate\":{\"en\":36,\"de\":36}}"],"_wpml_media_duplicate":["0"],"_wpml_media_featured":["0"],"_wpml_location_migration_done":["1"],"_yoast_wpseo_estimated-reading-time-minutes":["1"],"_yoast_wpseo_wordproof_timestamp":[""],"_uag_migration_processed":["1"],"copied_media_ids":["a:2:{i:0;i:462;i:1;i:944;}"],"referenced_media_ids":["a:0:{}"],"_uag_page_assets":["a:9:{s:3:\"css\";s:9771:\".wp-block-uagb-container.uagb-block-30370eeb .uagb-container__shape-top svg{width: calc( 100% + 1.3px );}.wp-block-uagb-container.uagb-block-30370eeb .uagb-container__shape.uagb-container__shape-top .uagb-container__shape-fill{fill: rgba(51,51,51,1);}.wp-block-uagb-container.uagb-block-30370eeb .uagb-container__shape-bottom svg{width: calc( 100% + 1.3px );}.wp-block-uagb-container.uagb-block-30370eeb .uagb-container__shape.uagb-container__shape-bottom .uagb-container__shape-fill{fill: rgba(51,51,51,1);}.wp-block-uagb-container.uagb-block-30370eeb .uagb-container__video-wrap video{opacity: 1;}.wp-block-uagb-container.uagb-is-root-container .uagb-block-30370eeb{max-width: 100%;width: 100%;}.wp-block-uagb-container.uagb-is-root-container.alignfull.uagb-block-30370eeb > .uagb-container-inner-blocks-wrap{--inner-content-custom-width: min( 100%, 1150px);max-width: var(--inner-content-custom-width);width: 100%;flex-direction: row;align-items: center;justify-content: center;flex-wrap: nowrap;row-gap: 0px;column-gap: 0px;}.wp-block-uagb-container.uagb-block-30370eeb{box-shadow: 0px 0px   #00000070 ;padding-top: 10px;padding-bottom: 10px;padding-left: 10px;padding-right: 10px;margin-top:  !important;margin-bottom:  !important;overflow: visible;order: initial;border-color: inherit;row-gap: 0px;column-gap: 0px;}.wp-block-uagb-container.uagb-block-a17731d6 .uagb-container__shape-top svg{width: calc( 100% + 1.3px );}.wp-block-uagb-container.uagb-block-a17731d6 .uagb-container__shape.uagb-container__shape-top .uagb-container__shape-fill{fill: rgba(51,51,51,1);}.wp-block-uagb-container.uagb-block-a17731d6 .uagb-container__shape-bottom svg{width: calc( 100% + 1.3px );}.wp-block-uagb-container.uagb-block-a17731d6 .uagb-container__shape.uagb-container__shape-bottom .uagb-container__shape-fill{fill: rgba(51,51,51,1);}.wp-block-uagb-container.uagb-block-a17731d6 .uagb-container__video-wrap video{opacity: 1;}.wp-block-uagb-container.uagb-is-root-container .uagb-block-a17731d6{max-width: 25%;width: 100%;}.wp-block-uagb-container.uagb-is-root-container.alignfull.uagb-block-a17731d6 > .uagb-container-inner-blocks-wrap{--inner-content-custom-width: min( 100%, 1150px);max-width: var(--inner-content-custom-width);width: 100%;flex-direction: column;align-items: flex-start;justify-content: space-between;flex-wrap: nowrap;row-gap: 0px;column-gap: 0px;}.wp-block-uagb-container.uagb-block-a17731d6{box-shadow: 0px 0px   #00000070 ;padding-top: 10px;padding-bottom: 10px;padding-left: 10px;padding-right: 10px;margin-top:  !important;margin-bottom:  !important;overflow: visible;order: initial;border-color: inherit;flex-direction: column;align-items: flex-start;justify-content: space-between;flex-wrap: nowrap;row-gap: 0px;column-gap: 0px;}.wp-block-uagb-container.uagb-block-6f385e93 .uagb-container__shape-top svg{width: calc( 100% + 1.3px );}.wp-block-uagb-container.uagb-block-6f385e93 .uagb-container__shape.uagb-container__shape-top .uagb-container__shape-fill{fill: rgba(51,51,51,1);}.wp-block-uagb-container.uagb-block-6f385e93 .uagb-container__shape-bottom svg{width: calc( 100% + 1.3px );}.wp-block-uagb-container.uagb-block-6f385e93 .uagb-container__shape.uagb-container__shape-bottom .uagb-container__shape-fill{fill: rgba(51,51,51,1);}.wp-block-uagb-container.uagb-block-6f385e93 .uagb-container__video-wrap video{opacity: 1;}.wp-block-uagb-container.uagb-is-root-container .uagb-block-6f385e93{max-width: 50%;width: 100%;}.wp-block-uagb-container.uagb-is-root-container.alignfull.uagb-block-6f385e93 > .uagb-container-inner-blocks-wrap{--inner-content-custom-width: min( 100%, 1150px);max-width: var(--inner-content-custom-width);width: 100%;flex-direction: column;align-items: center;justify-content: center;flex-wrap: nowrap;row-gap: 0px;column-gap: 0px;}.wp-block-uagb-container.uagb-block-6f385e93{box-shadow: 0px 0px   #00000070 ;padding-top: 10px;padding-bottom: 10px;padding-left: 10px;padding-right: 10px;margin-top:  !important;margin-bottom:  !important;overflow: visible;order: initial;border-color: inherit;flex-direction: column;align-items: center;justify-content: center;flex-wrap: nowrap;row-gap: 0px;column-gap: 0px;}.wp-block-uagb-container.uagb-block-15f4f14a .uagb-container__shape-top svg{width: calc( 100% + 1.3px );}.wp-block-uagb-container.uagb-block-15f4f14a .uagb-container__shape.uagb-container__shape-top .uagb-container__shape-fill{fill: rgba(51,51,51,1);}.wp-block-uagb-container.uagb-block-15f4f14a .uagb-container__shape-bottom svg{width: calc( 100% + 1.3px );}.wp-block-uagb-container.uagb-block-15f4f14a .uagb-container__shape.uagb-container__shape-bottom .uagb-container__shape-fill{fill: rgba(51,51,51,1);}.wp-block-uagb-container.uagb-block-15f4f14a .uagb-container__video-wrap video{opacity: 1;}.wp-block-uagb-container.uagb-is-root-container .uagb-block-15f4f14a{max-width: 25%;width: 100%;}.wp-block-uagb-container.uagb-is-root-container.alignfull.uagb-block-15f4f14a > .uagb-container-inner-blocks-wrap{--inner-content-custom-width: min( 100%, 1150px);max-width: var(--inner-content-custom-width);width: 100%;flex-direction: column;align-items: center;justify-content: center;flex-wrap: nowrap;row-gap: 0px;column-gap: 0px;}.wp-block-uagb-container.uagb-block-15f4f14a{box-shadow: 0px 0px   #00000070 ;padding-top: 10px;padding-bottom: 10px;padding-left: 10px;padding-right: 10px;margin-top:  !important;margin-bottom:  !important;overflow: visible;order: initial;border-color: inherit;flex-direction: column;align-items: center;justify-content: center;flex-wrap: nowrap;row-gap: 0px;column-gap: 0px;}@media only screen and (max-width: 976px) {.wp-block-uagb-container.uagb-is-root-container .uagb-block-30370eeb{width: 100%;}.wp-block-uagb-container.uagb-is-root-container.alignfull.uagb-block-30370eeb > .uagb-container-inner-blocks-wrap{--inner-content-custom-width: min( 100%, 1024px);max-width: var(--inner-content-custom-width);width: 100%;}.wp-block-uagb-container.uagb-block-30370eeb{padding-top: 10px;padding-bottom: 10px;padding-left: 10px;padding-right: 10px;margin-top:  !important;margin-bottom:  !important;order: initial;}.wp-block-uagb-container.uagb-is-root-container .uagb-block-a17731d6{width: 100%;}.wp-block-uagb-container.uagb-is-root-container.alignfull.uagb-block-a17731d6 > .uagb-container-inner-blocks-wrap{--inner-content-custom-width: min( 100%, 1024px);max-width: var(--inner-content-custom-width);width: 100%;}.wp-block-uagb-container.uagb-block-a17731d6{padding-top: 10px;padding-bottom: 10px;padding-left: 10px;padding-right: 10px;margin-top:  !important;margin-bottom:  !important;order: initial;}.wp-block-uagb-container.uagb-is-root-container .uagb-block-6f385e93{width: 100%;}.wp-block-uagb-container.uagb-is-root-container.alignfull.uagb-block-6f385e93 > .uagb-container-inner-blocks-wrap{--inner-content-custom-width: min( 100%, 1024px);max-width: var(--inner-content-custom-width);width: 100%;}.wp-block-uagb-container.uagb-block-6f385e93{padding-top: 10px;padding-bottom: 10px;padding-left: 10px;padding-right: 10px;margin-top:  !important;margin-bottom:  !important;order: initial;}.wp-block-uagb-container.uagb-is-root-container .uagb-block-15f4f14a{width: 100%;}.wp-block-uagb-container.uagb-is-root-container.alignfull.uagb-block-15f4f14a > .uagb-container-inner-blocks-wrap{--inner-content-custom-width: min( 100%, 1024px);max-width: var(--inner-content-custom-width);width: 100%;}.wp-block-uagb-container.uagb-block-15f4f14a{padding-top: 10px;padding-bottom: 10px;padding-left: 10px;padding-right: 10px;margin-top:  !important;margin-bottom:  !important;order: initial;}}@media only screen and (max-width: 767px) {.wp-block-uagb-container.uagb-is-root-container .uagb-block-30370eeb{max-width: 100%;width: 100%;}.wp-block-uagb-container.uagb-is-root-container.alignfull.uagb-block-30370eeb > .uagb-container-inner-blocks-wrap{--inner-content-custom-width: min( 100%, 767px);max-width: var(--inner-content-custom-width);width: 100%;flex-wrap: wrap;}.wp-block-uagb-container.uagb-block-30370eeb{padding-top: 10px;padding-bottom: 10px;padding-left: 10px;padding-right: 10px;margin-top:  !important;margin-bottom:  !important;order: initial;}.wp-block-uagb-container.uagb-is-root-container .uagb-block-a17731d6{max-width: 100%;width: 100%;}.wp-block-uagb-container.uagb-is-root-container.alignfull.uagb-block-a17731d6 > .uagb-container-inner-blocks-wrap{--inner-content-custom-width: min( 100%, 767px);max-width: var(--inner-content-custom-width);width: 100%;flex-wrap: wrap;}.wp-block-uagb-container.uagb-block-a17731d6{padding-top: 10px;padding-bottom: 10px;padding-left: 10px;padding-right: 10px;margin-top:  !important;margin-bottom:  !important;order: initial;flex-wrap: wrap;}.wp-block-uagb-container.uagb-is-root-container .uagb-block-6f385e93{max-width: 100%;width: 100%;}.wp-block-uagb-container.uagb-is-root-container.alignfull.uagb-block-6f385e93 > .uagb-container-inner-blocks-wrap{--inner-content-custom-width: min( 100%, 767px);max-width: var(--inner-content-custom-width);width: 100%;flex-wrap: wrap;}.wp-block-uagb-container.uagb-block-6f385e93{padding-top: 10px;padding-bottom: 10px;padding-left: 10px;padding-right: 10px;margin-top:  !important;margin-bottom:  !important;order: initial;flex-wrap: wrap;}.wp-block-uagb-container.uagb-is-root-container .uagb-block-15f4f14a{max-width: 100%;width: 100%;}.wp-block-uagb-container.uagb-is-root-container.alignfull.uagb-block-15f4f14a > .uagb-container-inner-blocks-wrap{--inner-content-custom-width: min( 100%, 767px);max-width: var(--inner-content-custom-width);width: 100%;flex-wrap: wrap;}.wp-block-uagb-container.uagb-block-15f4f14a{padding-top: 10px;padding-bottom: 10px;padding-left: 10px;padding-right: 10px;margin-top:  !important;margin-bottom:  !important;order: initial;flex-wrap: wrap;}}\";s:2:\"js\";s:0:\"\";s:18:\"current_block_list\";a:4:{i:0;s:14:\"uagb\/container\";i:2;s:10:\"core\/image\";i:3;s:11:\"core\/spacer\";i:5;s:13:\"core\/freeform\";}s:8:\"uag_flag\";b:1;s:11:\"uag_version\";s:10:\"1775452829\";s:6:\"gfonts\";a:0:{}s:10:\"gfonts_url\";s:0:\"\";s:12:\"gfonts_files\";a:0:{}s:14:\"uag_faq_layout\";b:0;}"]},"uagb_featured_image_src":{"full":false,"thumbnail":false,"medium":false,"medium_large":false,"large":false,"1536x1536":false,"2048x2048":false},"uagb_author_info":{"display_name":"itlapalma","author_link":"https:\/\/yaya-canarias.com\/es\/author\/itlapalma\/"},"uagb_comment_info":0,"uagb_excerpt":"\u00a0 Materiales inteligentes para la Construcci\u00f3n moderna y sostenible Pinturas n\u00e1uticas e industriales Restauraci\u00f3n de Patrimonio &amp; Inyecci\u00f3n Grout autonivelante [&hellip;]","_links":{"self":[{"href":"https:\/\/yaya-canarias.com\/es\/wp-json\/wp\/v2\/pages\/165","targetHints":{"allow":["GET"]}}],"collection":[{"href":"https:\/\/yaya-canarias.com\/es\/wp-json\/wp\/v2\/pages"}],"about":[{"href":"https:\/\/yaya-canarias.com\/es\/wp-json\/wp\/v2\/types\/page"}],"author":[{"embeddable":true,"href":"https:\/\/yaya-canarias.com\/es\/wp-json\/wp\/v2\/users\/2"}],"replies":[{"embeddable":true,"href":"https:\/\/yaya-canarias.com\/es\/wp-json\/wp\/v2\/comments?post=165"}],"version-history":[{"count":0,"href":"https:\/\/yaya-canarias.com\/es\/wp-json\/wp\/v2\/pages\/165\/revisions"}],"wp:attachment":[{"href":"https:\/\/yaya-canarias.com\/es\/wp-json\/wp\/v2\/media?parent=165"}],"curies":[{"name":"wp","href":"https:\/\/api.w.org\/{rel}","templated":true}]}}