{"id":381,"date":"2018-03-19T11:30:36","date_gmt":"2018-03-19T11:30:36","guid":{"rendered":"http:\/\/wptemplate.itlapalma.eu\/?page_id=381"},"modified":"2019-05-21T05:29:02","modified_gmt":"2019-05-21T05:29:02","slug":"declaracion-de-privacidad","status":"publish","type":"page","link":"https:\/\/yaya-canarias.com\/es\/declaracion-de-privacidad\/","title":{"rendered":"Declaraci\u00f3n de privacidad"},"content":{"rendered":"<h1>Declaraci\u00f3n de privacidad<\/h1>\n<p>YaYa Materiales SLU, ubicada en Cno. de La Era 16, ES-38750 El Paso La Palma Espa\u00f1a, es responsable del procesamiento de datos personales como se muestra en esta declaraci\u00f3n de privacidad.<\/p>\n<h3>Detalles de contacto<\/h3>\n<h3>YaYa Materiales, SLU<\/h3>\n<p>CIF B38656617<\/p>\n<p>Cno. de La Era, 16<br \/>\nES-38750 El Paso<br \/>\nLa Palma (TF)<br \/>\nIslas Canarias<\/p>\n<p><b>T\u00a0<\/b><a href=\"tel:003492248.450\">(+34) 922.485.450<\/a><br \/>\n<b><\/b><strong>F<\/strong>\u00a0<a href=\"tel:0034922486206\">(+34) 922.486.206<\/a><br \/>\n<strong>M<\/strong>\u00a0<a href=\"mailto:info@yaya.es\"><span style=\"display:inline;unicode-bidi:bidi-override;direction:rtl;\" class=\"\">se.ayay<span style=\"display:none;\">obfsctd-604df2<\/span>&#64;ofni<\/span><\/a><\/p>\n<h3>Datos personales que procesamos<\/h3>\n<p>YaYa Materiales SLU procesa sus datos personales mediante el uso de nuestros servicios y \/ o proporcion\u00e1ndonos esta informaci\u00f3n.<\/p>\n<p>A continuaci\u00f3n se muestra una descripci\u00f3n general de los datos personales que procesamos:<\/p>\n<ul>\n<li>Nombre y apellido<\/li>\n<li>Direcci\u00f3n de correo electr\u00f3nico<\/li>\n<li>Otros datos personales que usted proporciona activamente, por ejemplo, en correspondencia y por tel\u00e9fono<\/li>\n<\/ul>\n<p><strong>Datos personales especiales y \/ o sensibles que procesamos<\/strong><\/p>\n<p>Nuestro sitio web y \/ o servicio no tiene la intenci\u00f3n de recopilar datos sobre los visitantes del sitio web que son menores de 16 a\u00f1os. A menos que tengan permiso de los padres o tutores. Sin embargo, no podemos verificar si un visitante es mayor de 16 a\u00f1os. Animamos a los padres a participar en las actividades en l\u00ednea de sus hijos, a fin de evitar que se recopile informaci\u00f3n sobre ni\u00f1os sin el consentimiento de los padres. Si est\u00e1 convencido de que hemos recopilado informaci\u00f3n personal sobre un menor sin este consentimiento, cont\u00e1ctenos a trav\u00e9s de <span style=\"display:inline;unicode-bidi:bidi-override;direction:rtl;\" class=\"\">se.ayay<span style=\"display:none;\">obfsctd-116f14<\/span>&#64;ofni<\/span> y borraremos esta informaci\u00f3n.<\/p>\n<p><strong>\u00bfPara qu\u00e9 y sobre qu\u00e9 base procesamos los datos personales?<\/strong><\/p>\n<p>YaYa Materiales SLU procesa sus datos personales para los siguientes prop\u00f3sitos:<br \/>\n&#8211; Podemos enviarle un correo electr\u00f3nico si es necesario para llevar a cabo nuestros servicios<\/p>\n<h3>Toma de decisiones automatizada<\/h3>\n<p>YaYa Materiales SLU no toma decisiones basadas en el procesamiento automatizado de asuntos que puedan tener consecuencias (significativas) para las personas. Estas son decisiones tomadas por programas o sistemas de computadora, sin involucrar a una persona (por ejemplo, un empleado de YaYa Materiales SLU).<\/p>\n<h3>Cuanto tiempo almacenamos datos personales<\/h3>\n<p>YaYa Materiales SLU no almacena sus datos personales m\u00e1s de lo estrictamente necesario para realizar los fines para los cuales se recopilan sus datos. Mantenemos su direcci\u00f3n de correo electr\u00f3nico en nuestra cuenta de Google Mail hasta que completemos su solicitud o hasta que deje de ser cliente.<\/p>\n<h3>Compartir datos personales con terceros<\/h3>\n<p>YaYa Materiales SLU no proporciona sus datos personales a terceros, excepto cuando esto sea necesario para la ejecuci\u00f3n de nuestro acuerdo con usted o para cumplir con una obligaci\u00f3n legal.<\/p>\n<h3>Cookies, o t\u00e9cnicas similares, que usamos<\/h3>\n<p>YaYa Materiales SLU utiliza solo cookies t\u00e9cnicas y funcionales. Y cookies anal\u00edticas que no infringen su privacidad. Una cookie es un peque\u00f1o archivo de texto que se almacena en su computadora, tableta o tel\u00e9fono inteligente durante la primera visita a este sitio web. Las cookies que utilizamos son necesarias para el funcionamiento t\u00e9cnico del sitio web y su facilidad de uso. Se aseguran de que el sitio web funcione correctamente y recuerde, por ejemplo, sus preferencias. Tambi\u00e9n podemos optimizar nuestro sitio web con esto. Puede inhabilitar las cookies configurando su navegador de Internet para que ya no almacene cookies. Adem\u00e1s, tambi\u00e9n puede eliminar toda la informaci\u00f3n guardada previamente a trav\u00e9s de la configuraci\u00f3n de su navegador.<\/p>\n<h3>Ver, modificar o eliminar datos<\/h3>\n<p>Usted tiene derecho a ver, corregir o eliminar sus datos personales. Tambi\u00e9n tiene derecho a retirar su consentimiento para el procesamiento de datos u objetar el procesamiento de sus datos personales por parte de YaYa Materiales SLU y usted tiene derecho a la portabilidad de datos. Esto significa que puede enviarnos una solicitud para que enviemos la informaci\u00f3n personal que tenemos a usted u otra organizaci\u00f3n mencionada por usted en un archivo inform\u00e1tico.<\/p>\n<p>Puede enviar una solicitud de acceso, correcci\u00f3n, eliminaci\u00f3n, transferencia de datos personales o solicitar la cancelaci\u00f3n de su consentimiento u objeci\u00f3n al procesamiento de sus datos personales a <span style=\"display:inline;unicode-bidi:bidi-override;direction:rtl;\" class=\"\">se.ayay<span style=\"display:none;\">obfsctd-5c5ef3<\/span>&#64;ofni<\/span>.<\/p>\n<p>Para asegurarse de que la solicitud de acceso haya sido realizada por usted, le pedimos que env\u00ede una copia de su identificaci\u00f3n con la solicitud. Haga su foto de pasaporte, ZLM (zona legible por m\u00e1quina, la franja con n\u00fameros en la parte inferior del pasaporte), n\u00famero de pasaporte y n\u00famero de servicio ciudadano en negro en esta copia. Esto es para proteger su privacidad. Respondemos lo m\u00e1s r\u00e1pido posible, pero dentro de las cuatro semanas, a petici\u00f3n suya.<\/p>\n<p>YaYa Materiales SLU tambi\u00e9n desea se\u00f1alar que tiene la oportunidad de presentar una queja ante la autoridad nacional de supervisi\u00f3n.<\/p>\n<h3>Derecho de queja ante las autoridades de supervisi\u00f3n competentes<\/h3>\n<p>En caso de violaci\u00f3n de la ley de protecci\u00f3n de datos, el interesado tiene derecho a recurrir ante la autoridad supervisora \u200b\u200bcompetente. La autoridad de supervisi\u00f3n competente en materia de protecci\u00f3n de datos es la \u00abAgencia Espa\u00f1ola de Protecci\u00f3n de Datos\u00bb. Sus datos de contacto se pueden encontrar en el siguiente enlace:\u00a0<a href=\"https:\/\/www.aepd.es\/agencia\/contacto.html\" target=\"_blank\" rel=\"noopener noreferrer nofollow\">https:\/\/www.aepd.es\/agencia\/contacto.html<\/a><\/p>\n<h3>C\u00f3mo protegemos los datos personales<\/h3>\n<p>YaYa Materiales SLU toma en serio la protecci\u00f3n de sus datos y toma las medidas adecuadas para evitar el uso indebido, la p\u00e9rdida, el acceso no autorizado, la divulgaci\u00f3n no deseada y las modificaciones no autorizadas. Si siente que sus datos no est\u00e1n asegurados adecuadamente o hay indicios de abuso, cont\u00e1ctenos a <span style=\"display:inline;unicode-bidi:bidi-override;direction:rtl;\" class=\"\">se.ayay<span style=\"display:none;\">obfsctd-7a179c<\/span>&#64;ofni<\/span><\/p>\n<p>Esta declaraci\u00f3n de privacidad se ha compilado a trav\u00e9s de este sitio web <a href=\"https:\/\/veiliginternetten.nl\/privacyverklaring\/\" target=\"_blank\" rel=\"noopener noreferrer nofollow\">https:\/\/veiliginternetten.nl\/privacyverklaring\/<\/a>\u00a0 y luego se ha traducido al Espa\u00f1ol.<\/p>\n","protected":false},"excerpt":{"rendered":"<p>Declaraci\u00f3n de privacidad YaYa Materiales SLU, ubicada en Cno. de La Era 16, ES-38750 El Paso La Palma Espa\u00f1a, es [&hellip;]<\/p>\n","protected":false},"author":2,"featured_media":0,"parent":0,"menu_order":0,"comment_status":"closed","ping_status":"closed","template":"","meta":{"_uag_custom_page_level_css":"","site-sidebar-layout":"default","site-content-layout":"","ast-site-content-layout":"default","site-content-style":"default","site-sidebar-style":"default","ast-global-header-display":"","ast-banner-title-visibility":"","ast-main-header-display":"","ast-hfb-above-header-display":"","ast-hfb-below-header-display":"","ast-hfb-mobile-header-display":"","site-post-title":"","ast-breadcrumbs-content":"","ast-featured-img":"","footer-sml-layout":"","ast-disable-related-posts":"","theme-transparent-header-meta":"","adv-header-id-meta":"","stick-header-meta":"","header-above-stick-meta":"","header-main-stick-meta":"","header-below-stick-meta":"","astra-migrate-meta-layouts":"default","ast-page-background-enabled":"default","ast-page-background-meta":{"desktop":{"background-color":"var(--ast-global-color-4)","background-image":"","background-repeat":"repeat","background-position":"center center","background-size":"auto","background-attachment":"scroll","background-type":"","background-media":"","overlay-type":"","overlay-color":"","overlay-opacity":"","overlay-gradient":""},"tablet":{"background-color":"","background-image":"","background-repeat":"repeat","background-position":"center center","background-size":"auto","background-attachment":"scroll","background-type":"","background-media":"","overlay-type":"","overlay-color":"","overlay-opacity":"","overlay-gradient":""},"mobile":{"background-color":"","background-image":"","background-repeat":"repeat","background-position":"center center","background-size":"auto","background-attachment":"scroll","background-type":"","background-media":"","overlay-type":"","overlay-color":"","overlay-opacity":"","overlay-gradient":""}},"ast-content-background-meta":{"desktop":{"background-color":"var(--ast-global-color-5)","background-image":"","background-repeat":"repeat","background-position":"center center","background-size":"auto","background-attachment":"scroll","background-type":"","background-media":"","overlay-type":"","overlay-color":"","overlay-opacity":"","overlay-gradient":""},"tablet":{"background-color":"var(--ast-global-color-5)","background-image":"","background-repeat":"repeat","background-position":"center center","background-size":"auto","background-attachment":"scroll","background-type":"","background-media":"","overlay-type":"","overlay-color":"","overlay-opacity":"","overlay-gradient":""},"mobile":{"background-color":"var(--ast-global-color-5)","background-image":"","background-repeat":"repeat","background-position":"center center","background-size":"auto","background-attachment":"scroll","background-type":"","background-media":"","overlay-type":"","overlay-color":"","overlay-opacity":"","overlay-gradient":""}},"footnotes":""},"class_list":["post-381","page","type-page","status-publish","hentry"],"yoast_head":"<!-- This site is optimized with the Yoast SEO plugin v27.3 - https:\/\/yoast.com\/product\/yoast-seo-wordpress\/ -->\n<title>Declaraci\u00f3n de privacidad - Yaya Canarias<\/title>\n<meta name=\"robots\" content=\"index, follow, max-snippet:-1, max-image-preview:large, max-video-preview:-1\" \/>\n<link rel=\"canonical\" href=\"https:\/\/yaya-canarias.com\/es\/declaracion-de-privacidad\/\" \/>\n<meta property=\"og:locale\" content=\"es_ES\" \/>\n<meta property=\"og:type\" content=\"article\" \/>\n<meta property=\"og:title\" content=\"Declaraci\u00f3n de privacidad - Yaya Canarias\" \/>\n<meta property=\"og:description\" content=\"Declaraci\u00f3n de privacidad YaYa Materiales SLU, ubicada en Cno. de La Era 16, ES-38750 El Paso La Palma Espa\u00f1a, es [&hellip;]\" \/>\n<meta property=\"og:url\" content=\"https:\/\/yaya-canarias.com\/es\/declaracion-de-privacidad\/\" \/>\n<meta property=\"og:site_name\" content=\"Yaya Canarias\" \/>\n<meta property=\"article:modified_time\" content=\"2019-05-21T05:29:02+00:00\" \/>\n<meta name=\"twitter:card\" content=\"summary_large_image\" \/>\n<meta name=\"twitter:label1\" content=\"Tiempo de lectura\" \/>\n\t<meta name=\"twitter:data1\" content=\"5 minutos\" \/>\n<script type=\"application\/ld+json\" class=\"yoast-schema-graph\">{\"@context\":\"https:\\\/\\\/schema.org\",\"@graph\":[{\"@type\":\"WebPage\",\"@id\":\"https:\\\/\\\/yaya-canarias.com\\\/es\\\/declaracion-de-privacidad\\\/\",\"url\":\"https:\\\/\\\/yaya-canarias.com\\\/es\\\/declaracion-de-privacidad\\\/\",\"name\":\"Declaraci\u00f3n de privacidad - Yaya Canarias\",\"isPartOf\":{\"@id\":\"https:\\\/\\\/yaya-canarias.com\\\/es\\\/#website\"},\"datePublished\":\"2018-03-19T11:30:36+00:00\",\"dateModified\":\"2019-05-21T05:29:02+00:00\",\"breadcrumb\":{\"@id\":\"https:\\\/\\\/yaya-canarias.com\\\/es\\\/declaracion-de-privacidad\\\/#breadcrumb\"},\"inLanguage\":\"es\",\"potentialAction\":[{\"@type\":\"ReadAction\",\"target\":[\"https:\\\/\\\/yaya-canarias.com\\\/es\\\/declaracion-de-privacidad\\\/\"]}]},{\"@type\":\"BreadcrumbList\",\"@id\":\"https:\\\/\\\/yaya-canarias.com\\\/es\\\/declaracion-de-privacidad\\\/#breadcrumb\",\"itemListElement\":[{\"@type\":\"ListItem\",\"position\":1,\"name\":\"Home\",\"item\":\"https:\\\/\\\/yaya-canarias.com\\\/es\\\/\"},{\"@type\":\"ListItem\",\"position\":2,\"name\":\"Declaraci\u00f3n de privacidad\"}]},{\"@type\":\"WebSite\",\"@id\":\"https:\\\/\\\/yaya-canarias.com\\\/es\\\/#website\",\"url\":\"https:\\\/\\\/yaya-canarias.com\\\/es\\\/\",\"name\":\"Yaya Canarias\",\"description\":\"home\",\"publisher\":{\"@id\":\"https:\\\/\\\/yaya-canarias.com\\\/es\\\/#organization\"},\"potentialAction\":[{\"@type\":\"SearchAction\",\"target\":{\"@type\":\"EntryPoint\",\"urlTemplate\":\"https:\\\/\\\/yaya-canarias.com\\\/es\\\/?s={search_term_string}\"},\"query-input\":{\"@type\":\"PropertyValueSpecification\",\"valueRequired\":true,\"valueName\":\"search_term_string\"}}],\"inLanguage\":\"es\"},{\"@type\":\"Organization\",\"@id\":\"https:\\\/\\\/yaya-canarias.com\\\/es\\\/#organization\",\"name\":\"YaYa Materiales, SLU\",\"url\":\"https:\\\/\\\/yaya-canarias.com\\\/es\\\/\",\"logo\":{\"@type\":\"ImageObject\",\"inLanguage\":\"es\",\"@id\":\"https:\\\/\\\/yaya-canarias.com\\\/es\\\/#\\\/schema\\\/logo\\\/image\\\/\",\"url\":\"https:\\\/\\\/yaya-canarias.com\\\/wp-content\\\/uploads\\\/Logo-YaYa.jpg\",\"contentUrl\":\"https:\\\/\\\/yaya-canarias.com\\\/wp-content\\\/uploads\\\/Logo-YaYa.jpg\",\"width\":581,\"height\":872,\"caption\":\"YaYa Materiales, SLU\"},\"image\":{\"@id\":\"https:\\\/\\\/yaya-canarias.com\\\/es\\\/#\\\/schema\\\/logo\\\/image\\\/\"}}]}<\/script>\n<!-- \/ Yoast SEO plugin. -->","yoast_head_json":{"title":"Declaraci\u00f3n de privacidad - Yaya Canarias","robots":{"index":"index","follow":"follow","max-snippet":"max-snippet:-1","max-image-preview":"max-image-preview:large","max-video-preview":"max-video-preview:-1"},"canonical":"https:\/\/yaya-canarias.com\/es\/declaracion-de-privacidad\/","og_locale":"es_ES","og_type":"article","og_title":"Declaraci\u00f3n de privacidad - Yaya Canarias","og_description":"Declaraci\u00f3n de privacidad YaYa Materiales SLU, ubicada en Cno. de La Era 16, ES-38750 El Paso La Palma Espa\u00f1a, es [&hellip;]","og_url":"https:\/\/yaya-canarias.com\/es\/declaracion-de-privacidad\/","og_site_name":"Yaya Canarias","article_modified_time":"2019-05-21T05:29:02+00:00","twitter_card":"summary_large_image","twitter_misc":{"Tiempo de lectura":"5 minutos"},"schema":{"@context":"https:\/\/schema.org","@graph":[{"@type":"WebPage","@id":"https:\/\/yaya-canarias.com\/es\/declaracion-de-privacidad\/","url":"https:\/\/yaya-canarias.com\/es\/declaracion-de-privacidad\/","name":"Declaraci\u00f3n de privacidad - Yaya Canarias","isPartOf":{"@id":"https:\/\/yaya-canarias.com\/es\/#website"},"datePublished":"2018-03-19T11:30:36+00:00","dateModified":"2019-05-21T05:29:02+00:00","breadcrumb":{"@id":"https:\/\/yaya-canarias.com\/es\/declaracion-de-privacidad\/#breadcrumb"},"inLanguage":"es","potentialAction":[{"@type":"ReadAction","target":["https:\/\/yaya-canarias.com\/es\/declaracion-de-privacidad\/"]}]},{"@type":"BreadcrumbList","@id":"https:\/\/yaya-canarias.com\/es\/declaracion-de-privacidad\/#breadcrumb","itemListElement":[{"@type":"ListItem","position":1,"name":"Home","item":"https:\/\/yaya-canarias.com\/es\/"},{"@type":"ListItem","position":2,"name":"Declaraci\u00f3n de privacidad"}]},{"@type":"WebSite","@id":"https:\/\/yaya-canarias.com\/es\/#website","url":"https:\/\/yaya-canarias.com\/es\/","name":"Yaya Canarias","description":"home","publisher":{"@id":"https:\/\/yaya-canarias.com\/es\/#organization"},"potentialAction":[{"@type":"SearchAction","target":{"@type":"EntryPoint","urlTemplate":"https:\/\/yaya-canarias.com\/es\/?s={search_term_string}"},"query-input":{"@type":"PropertyValueSpecification","valueRequired":true,"valueName":"search_term_string"}}],"inLanguage":"es"},{"@type":"Organization","@id":"https:\/\/yaya-canarias.com\/es\/#organization","name":"YaYa Materiales, SLU","url":"https:\/\/yaya-canarias.com\/es\/","logo":{"@type":"ImageObject","inLanguage":"es","@id":"https:\/\/yaya-canarias.com\/es\/#\/schema\/logo\/image\/","url":"https:\/\/yaya-canarias.com\/wp-content\/uploads\/Logo-YaYa.jpg","contentUrl":"https:\/\/yaya-canarias.com\/wp-content\/uploads\/Logo-YaYa.jpg","width":581,"height":872,"caption":"YaYa Materiales, SLU"},"image":{"@id":"https:\/\/yaya-canarias.com\/es\/#\/schema\/logo\/image\/"}}]}},"spectra_custom_meta":{"_edit_lock":["1681979825:2"],"_edit_last":["2"],"_yoast_wpseo_content_score":["90"],"_wp_page_template":[""],"_last_translation_edit_mode":["native-editor"],"_wpml_word_count":["{\"total\":883,\"to_translate\":{\"en\":883,\"de\":883}}"],"_uag_migration_processed":["1"],"copied_media_ids":["a:0:{}"],"referenced_media_ids":["a:0:{}"],"_uag_page_assets":["a:9:{s:3:\"css\";s:0:\"\";s:2:\"js\";s:0:\"\";s:18:\"current_block_list\";a:0:{}s:8:\"uag_flag\";b:0;s:11:\"uag_version\";s:10:\"1775452829\";s:6:\"gfonts\";a:0:{}s:10:\"gfonts_url\";s:0:\"\";s:12:\"gfonts_files\";a:0:{}s:14:\"uag_faq_layout\";b:0;}"]},"uagb_featured_image_src":{"full":false,"thumbnail":false,"medium":false,"medium_large":false,"large":false,"1536x1536":false,"2048x2048":false},"uagb_author_info":{"display_name":"itlapalma","author_link":"https:\/\/yaya-canarias.com\/es\/author\/itlapalma\/"},"uagb_comment_info":0,"uagb_excerpt":"Declaraci\u00f3n de privacidad YaYa Materiales SLU, ubicada en Cno. de La Era 16, ES-38750 El Paso La Palma Espa\u00f1a, es [&hellip;]","_links":{"self":[{"href":"https:\/\/yaya-canarias.com\/es\/wp-json\/wp\/v2\/pages\/381","targetHints":{"allow":["GET"]}}],"collection":[{"href":"https:\/\/yaya-canarias.com\/es\/wp-json\/wp\/v2\/pages"}],"about":[{"href":"https:\/\/yaya-canarias.com\/es\/wp-json\/wp\/v2\/types\/page"}],"author":[{"embeddable":true,"href":"https:\/\/yaya-canarias.com\/es\/wp-json\/wp\/v2\/users\/2"}],"replies":[{"embeddable":true,"href":"https:\/\/yaya-canarias.com\/es\/wp-json\/wp\/v2\/comments?post=381"}],"version-history":[{"count":0,"href":"https:\/\/yaya-canarias.com\/es\/wp-json\/wp\/v2\/pages\/381\/revisions"}],"wp:attachment":[{"href":"https:\/\/yaya-canarias.com\/es\/wp-json\/wp\/v2\/media?parent=381"}],"curies":[{"name":"wp","href":"https:\/\/api.w.org\/{rel}","templated":true}]}}