{"id":472,"date":"2019-03-26T12:30:28","date_gmt":"2019-03-26T12:30:28","guid":{"rendered":"https:\/\/yaya-canarias.com\/?page_id=472"},"modified":"2019-05-25T05:38:00","modified_gmt":"2019-05-25T05:38:00","slug":"documentos-y-certificados","status":"publish","type":"page","link":"https:\/\/yaya-canarias.com\/es\/documentos-y-certificados\/","title":{"rendered":"Documentos y Certificados"},"content":{"rendered":"<h1>Documentos y Certificados<\/h1>\n<h2>Documentos<\/h2>\n<ul>\n<li><a href=\"\/wp-content\/uploads\/C-PI-2010_05-articulo-brevetto-europeo-EP1894905-YaYa-it.pdf\" target=\"_blank\" rel=\"noopener noreferrer\">Tecnolog\u00eda del Hormig\u00f3n puzol\u00e1nico en Canarias y otros archipi\u00e9lagos en el Anillo del Fuego<\/a><\/li>\n<li><a href=\"\/wp-content\/uploads\/PHI-2010_05-art\u00edculo-Patente-Europea-EP1894905-YaYa-es.pdf\" target=\"_blank\" rel=\"noopener noreferrer\">PHI 2010_05 &#8211; art\u00edculo Patente Europea EP1894905 YaYa (es)<\/a><\/li>\n<li><a href=\"\/wp-content\/uploads\/CPI-2010_05-article-European-Patent-EP1894905-YaYa-en.pdf\" target=\"_blank\" rel=\"noopener noreferrer\">CPI 2010_05 &#8211; article European Patent EP1894905 YaYa (en)<\/a><\/li>\n<li><a href=\"\/wp-content\/uploads\/BWI-2010_05-Artikel-Europapatent-EP1894905-YaYa-de.pdf\" target=\"_blank\" rel=\"noopener noreferrer\">BWI 2010_05 &#8211; Artikel Europapatent EP1894905 YaYa (de)<\/a><\/li>\n<li><a href=\"\/wp-content\/uploads\/PBI-2010_05-article-brevet-europ\u00e9en-EP1894905-YaYa-fr.pdf\" target=\"_blank\" rel=\"noopener noreferrer\">PBI 2010_05 &#8211; article brevet europ\u00e9en EP1894905 YaYa (fr)<\/a><\/li>\n<li><a href=\"\/wp-content\/uploads\/C-PI-2010_05-articulo-brevetto-europeo-EP1894905-YaYa-it.pdf\" target=\"_blank\" rel=\"noopener noreferrer\">CPI 2010_05 articulo brevetto europeo EP1894905 YaYa (it)<\/a><\/li>\n<\/ul>\n<h2>Certificados y Diplomas YaYa Materiales SLU \/ Neil Spindler<\/h2>\n<h3>Alem\u00e1n<\/h3>\n<ul>\n<li><a href=\"\/wp-content\/uploads\/SIVV-Schein-Neil-Spindler-GFW-Bau-01.12.2017.pdf\" target=\"_blank\" rel=\"noopener noreferrer\">SIVV &#8211; Schein Neil Spindler &#8211; GFW-Bau 01.12.2017<\/a><\/li>\n<li><a href=\"\/wp-content\/uploads\/SKP-Urkunde-K-00513-Neil-Spindler-15.03.2018.pdf\" target=\"_blank\" rel=\"noopener noreferrer\">SKP &#8211; Urkunde K 00513 Neil Spindler 15.03.2018<\/a><\/li>\n<li><a href=\"\/wp-content\/uploads\/SKP-Certificate-K-00513-Neil-Spindler-BZB-de_es_en-2018-03.pdf\" target=\"_blank\" rel=\"noopener noreferrer\">SKP &#8211; Certificate K 00513 Neil Spindler &#8211; BZB de_es_en &#8211; 2018-03<\/a><\/li>\n<li><a href=\"\/wp-content\/uploads\/PAGEL-Zertifikat-YaYa-QS-Ueberwachung-VGM-Baustellen-2013.pdf\" target=\"_blank\" rel=\"noopener noreferrer\">PAGEL &#8211; Zertifikat YaYa &#8211; QS-Ueberwachung VGM Baustellen 2013<\/a><\/li>\n<\/ul>\n<h3>Espa\u00f1ol<\/h3>\n<ul>\n<li><a href=\"\/wp-content\/uploads\/SIVV-Diploma-Neil-Spindler-es2017.pdf\" target=\"_blank\" rel=\"noopener noreferrer\">SIVV &#8211; Diploma Neil Spindler (es2017)<\/a><\/li>\n<\/ul>\n","protected":false},"excerpt":{"rendered":"<p>Documentos y Certificados Documentos Tecnolog\u00eda del Hormig\u00f3n puzol\u00e1nico en Canarias y otros archipi\u00e9lagos en el Anillo del Fuego PHI 2010_05 [&hellip;]<\/p>\n","protected":false},"author":2,"featured_media":0,"parent":0,"menu_order":0,"comment_status":"closed","ping_status":"closed","template":"","meta":{"_uag_custom_page_level_css":"","site-sidebar-layout":"default","site-content-layout":"","ast-site-content-layout":"default","site-content-style":"default","site-sidebar-style":"default","ast-global-header-display":"","ast-banner-title-visibility":"","ast-main-header-display":"","ast-hfb-above-header-display":"","ast-hfb-below-header-display":"","ast-hfb-mobile-header-display":"","site-post-title":"","ast-breadcrumbs-content":"","ast-featured-img":"","footer-sml-layout":"","ast-disable-related-posts":"","theme-transparent-header-meta":"","adv-header-id-meta":"","stick-header-meta":"","header-above-stick-meta":"","header-main-stick-meta":"","header-below-stick-meta":"","astra-migrate-meta-layouts":"default","ast-page-background-enabled":"default","ast-page-background-meta":{"desktop":{"background-color":"var(--ast-global-color-4)","background-image":"","background-repeat":"repeat","background-position":"center center","background-size":"auto","background-attachment":"scroll","background-type":"","background-media":"","overlay-type":"","overlay-color":"","overlay-opacity":"","overlay-gradient":""},"tablet":{"background-color":"","background-image":"","background-repeat":"repeat","background-position":"center center","background-size":"auto","background-attachment":"scroll","background-type":"","background-media":"","overlay-type":"","overlay-color":"","overlay-opacity":"","overlay-gradient":""},"mobile":{"background-color":"","background-image":"","background-repeat":"repeat","background-position":"center center","background-size":"auto","background-attachment":"scroll","background-type":"","background-media":"","overlay-type":"","overlay-color":"","overlay-opacity":"","overlay-gradient":""}},"ast-content-background-meta":{"desktop":{"background-color":"var(--ast-global-color-5)","background-image":"","background-repeat":"repeat","background-position":"center center","background-size":"auto","background-attachment":"scroll","background-type":"","background-media":"","overlay-type":"","overlay-color":"","overlay-opacity":"","overlay-gradient":""},"tablet":{"background-color":"var(--ast-global-color-5)","background-image":"","background-repeat":"repeat","background-position":"center center","background-size":"auto","background-attachment":"scroll","background-type":"","background-media":"","overlay-type":"","overlay-color":"","overlay-opacity":"","overlay-gradient":""},"mobile":{"background-color":"var(--ast-global-color-5)","background-image":"","background-repeat":"repeat","background-position":"center center","background-size":"auto","background-attachment":"scroll","background-type":"","background-media":"","overlay-type":"","overlay-color":"","overlay-opacity":"","overlay-gradient":""}},"footnotes":""},"class_list":["post-472","page","type-page","status-publish","hentry"],"yoast_head":"<!-- This site is optimized with the Yoast SEO plugin v27.3 - https:\/\/yoast.com\/product\/yoast-seo-wordpress\/ -->\n<title>Documentos y Certificados - Yaya Canarias<\/title>\n<meta name=\"robots\" content=\"index, follow, max-snippet:-1, max-image-preview:large, max-video-preview:-1\" \/>\n<link rel=\"canonical\" href=\"https:\/\/yaya-canarias.com\/es\/documentos-y-certificados\/\" \/>\n<meta property=\"og:locale\" content=\"es_ES\" \/>\n<meta property=\"og:type\" content=\"article\" \/>\n<meta property=\"og:title\" content=\"Documentos y Certificados - Yaya Canarias\" \/>\n<meta property=\"og:description\" content=\"Documentos y Certificados Documentos Tecnolog\u00eda del Hormig\u00f3n puzol\u00e1nico en Canarias y otros archipi\u00e9lagos en el Anillo del Fuego PHI 2010_05 [&hellip;]\" \/>\n<meta property=\"og:url\" content=\"https:\/\/yaya-canarias.com\/es\/documentos-y-certificados\/\" \/>\n<meta property=\"og:site_name\" content=\"Yaya Canarias\" \/>\n<meta property=\"article:modified_time\" content=\"2019-05-25T05:38:00+00:00\" \/>\n<meta name=\"twitter:card\" content=\"summary_large_image\" \/>\n<meta name=\"twitter:label1\" content=\"Tiempo de lectura\" \/>\n\t<meta name=\"twitter:data1\" content=\"1 minuto\" \/>\n<script type=\"application\/ld+json\" class=\"yoast-schema-graph\">{\"@context\":\"https:\\\/\\\/schema.org\",\"@graph\":[{\"@type\":\"WebPage\",\"@id\":\"https:\\\/\\\/yaya-canarias.com\\\/es\\\/documentos-y-certificados\\\/\",\"url\":\"https:\\\/\\\/yaya-canarias.com\\\/es\\\/documentos-y-certificados\\\/\",\"name\":\"Documentos y Certificados - Yaya Canarias\",\"isPartOf\":{\"@id\":\"https:\\\/\\\/yaya-canarias.com\\\/es\\\/#website\"},\"datePublished\":\"2019-03-26T12:30:28+00:00\",\"dateModified\":\"2019-05-25T05:38:00+00:00\",\"breadcrumb\":{\"@id\":\"https:\\\/\\\/yaya-canarias.com\\\/es\\\/documentos-y-certificados\\\/#breadcrumb\"},\"inLanguage\":\"es\",\"potentialAction\":[{\"@type\":\"ReadAction\",\"target\":[\"https:\\\/\\\/yaya-canarias.com\\\/es\\\/documentos-y-certificados\\\/\"]}]},{\"@type\":\"BreadcrumbList\",\"@id\":\"https:\\\/\\\/yaya-canarias.com\\\/es\\\/documentos-y-certificados\\\/#breadcrumb\",\"itemListElement\":[{\"@type\":\"ListItem\",\"position\":1,\"name\":\"Home\",\"item\":\"https:\\\/\\\/yaya-canarias.com\\\/es\\\/\"},{\"@type\":\"ListItem\",\"position\":2,\"name\":\"Documentos y Certificados\"}]},{\"@type\":\"WebSite\",\"@id\":\"https:\\\/\\\/yaya-canarias.com\\\/es\\\/#website\",\"url\":\"https:\\\/\\\/yaya-canarias.com\\\/es\\\/\",\"name\":\"Yaya Canarias\",\"description\":\"home\",\"publisher\":{\"@id\":\"https:\\\/\\\/yaya-canarias.com\\\/es\\\/#organization\"},\"potentialAction\":[{\"@type\":\"SearchAction\",\"target\":{\"@type\":\"EntryPoint\",\"urlTemplate\":\"https:\\\/\\\/yaya-canarias.com\\\/es\\\/?s={search_term_string}\"},\"query-input\":{\"@type\":\"PropertyValueSpecification\",\"valueRequired\":true,\"valueName\":\"search_term_string\"}}],\"inLanguage\":\"es\"},{\"@type\":\"Organization\",\"@id\":\"https:\\\/\\\/yaya-canarias.com\\\/es\\\/#organization\",\"name\":\"YaYa Materiales, SLU\",\"url\":\"https:\\\/\\\/yaya-canarias.com\\\/es\\\/\",\"logo\":{\"@type\":\"ImageObject\",\"inLanguage\":\"es\",\"@id\":\"https:\\\/\\\/yaya-canarias.com\\\/es\\\/#\\\/schema\\\/logo\\\/image\\\/\",\"url\":\"https:\\\/\\\/yaya-canarias.com\\\/wp-content\\\/uploads\\\/Logo-YaYa.jpg\",\"contentUrl\":\"https:\\\/\\\/yaya-canarias.com\\\/wp-content\\\/uploads\\\/Logo-YaYa.jpg\",\"width\":581,\"height\":872,\"caption\":\"YaYa Materiales, SLU\"},\"image\":{\"@id\":\"https:\\\/\\\/yaya-canarias.com\\\/es\\\/#\\\/schema\\\/logo\\\/image\\\/\"}}]}<\/script>\n<!-- \/ Yoast SEO plugin. -->","yoast_head_json":{"title":"Documentos y Certificados - Yaya Canarias","robots":{"index":"index","follow":"follow","max-snippet":"max-snippet:-1","max-image-preview":"max-image-preview:large","max-video-preview":"max-video-preview:-1"},"canonical":"https:\/\/yaya-canarias.com\/es\/documentos-y-certificados\/","og_locale":"es_ES","og_type":"article","og_title":"Documentos y Certificados - Yaya Canarias","og_description":"Documentos y Certificados Documentos Tecnolog\u00eda del Hormig\u00f3n puzol\u00e1nico en Canarias y otros archipi\u00e9lagos en el Anillo del Fuego PHI 2010_05 [&hellip;]","og_url":"https:\/\/yaya-canarias.com\/es\/documentos-y-certificados\/","og_site_name":"Yaya Canarias","article_modified_time":"2019-05-25T05:38:00+00:00","twitter_card":"summary_large_image","twitter_misc":{"Tiempo de lectura":"1 minuto"},"schema":{"@context":"https:\/\/schema.org","@graph":[{"@type":"WebPage","@id":"https:\/\/yaya-canarias.com\/es\/documentos-y-certificados\/","url":"https:\/\/yaya-canarias.com\/es\/documentos-y-certificados\/","name":"Documentos y Certificados - Yaya Canarias","isPartOf":{"@id":"https:\/\/yaya-canarias.com\/es\/#website"},"datePublished":"2019-03-26T12:30:28+00:00","dateModified":"2019-05-25T05:38:00+00:00","breadcrumb":{"@id":"https:\/\/yaya-canarias.com\/es\/documentos-y-certificados\/#breadcrumb"},"inLanguage":"es","potentialAction":[{"@type":"ReadAction","target":["https:\/\/yaya-canarias.com\/es\/documentos-y-certificados\/"]}]},{"@type":"BreadcrumbList","@id":"https:\/\/yaya-canarias.com\/es\/documentos-y-certificados\/#breadcrumb","itemListElement":[{"@type":"ListItem","position":1,"name":"Home","item":"https:\/\/yaya-canarias.com\/es\/"},{"@type":"ListItem","position":2,"name":"Documentos y Certificados"}]},{"@type":"WebSite","@id":"https:\/\/yaya-canarias.com\/es\/#website","url":"https:\/\/yaya-canarias.com\/es\/","name":"Yaya Canarias","description":"home","publisher":{"@id":"https:\/\/yaya-canarias.com\/es\/#organization"},"potentialAction":[{"@type":"SearchAction","target":{"@type":"EntryPoint","urlTemplate":"https:\/\/yaya-canarias.com\/es\/?s={search_term_string}"},"query-input":{"@type":"PropertyValueSpecification","valueRequired":true,"valueName":"search_term_string"}}],"inLanguage":"es"},{"@type":"Organization","@id":"https:\/\/yaya-canarias.com\/es\/#organization","name":"YaYa Materiales, SLU","url":"https:\/\/yaya-canarias.com\/es\/","logo":{"@type":"ImageObject","inLanguage":"es","@id":"https:\/\/yaya-canarias.com\/es\/#\/schema\/logo\/image\/","url":"https:\/\/yaya-canarias.com\/wp-content\/uploads\/Logo-YaYa.jpg","contentUrl":"https:\/\/yaya-canarias.com\/wp-content\/uploads\/Logo-YaYa.jpg","width":581,"height":872,"caption":"YaYa Materiales, SLU"},"image":{"@id":"https:\/\/yaya-canarias.com\/es\/#\/schema\/logo\/image\/"}}]}},"spectra_custom_meta":{"_wpml_word_count":["{\"total\":121,\"to_translate\":{\"nl\":121,\"en\":121,\"de\":121}}"],"_edit_lock":["1681979861:2"],"_edit_last":["2"],"_yoast_wpseo_content_score":["90"],"_wpml_media_duplicate":["1"],"_wpml_media_featured":["1"],"_uag_migration_processed":["1"],"copied_media_ids":["a:0:{}"],"referenced_media_ids":["a:0:{}"],"_uag_page_assets":["a:9:{s:3:\"css\";s:0:\"\";s:2:\"js\";s:0:\"\";s:18:\"current_block_list\";a:0:{}s:8:\"uag_flag\";b:0;s:11:\"uag_version\";s:10:\"1775452829\";s:6:\"gfonts\";a:0:{}s:10:\"gfonts_url\";s:0:\"\";s:12:\"gfonts_files\";a:0:{}s:14:\"uag_faq_layout\";b:0;}"]},"uagb_featured_image_src":{"full":false,"thumbnail":false,"medium":false,"medium_large":false,"large":false,"1536x1536":false,"2048x2048":false},"uagb_author_info":{"display_name":"itlapalma","author_link":"https:\/\/yaya-canarias.com\/es\/author\/itlapalma\/"},"uagb_comment_info":0,"uagb_excerpt":"Documentos y Certificados Documentos Tecnolog\u00eda del Hormig\u00f3n puzol\u00e1nico en Canarias y otros archipi\u00e9lagos en el Anillo del Fuego PHI 2010_05 [&hellip;]","_links":{"self":[{"href":"https:\/\/yaya-canarias.com\/es\/wp-json\/wp\/v2\/pages\/472","targetHints":{"allow":["GET"]}}],"collection":[{"href":"https:\/\/yaya-canarias.com\/es\/wp-json\/wp\/v2\/pages"}],"about":[{"href":"https:\/\/yaya-canarias.com\/es\/wp-json\/wp\/v2\/types\/page"}],"author":[{"embeddable":true,"href":"https:\/\/yaya-canarias.com\/es\/wp-json\/wp\/v2\/users\/2"}],"replies":[{"embeddable":true,"href":"https:\/\/yaya-canarias.com\/es\/wp-json\/wp\/v2\/comments?post=472"}],"version-history":[{"count":0,"href":"https:\/\/yaya-canarias.com\/es\/wp-json\/wp\/v2\/pages\/472\/revisions"}],"wp:attachment":[{"href":"https:\/\/yaya-canarias.com\/es\/wp-json\/wp\/v2\/media?parent=472"}],"curies":[{"name":"wp","href":"https:\/\/api.w.org\/{rel}","templated":true}]}}