{"id":474,"date":"2019-03-26T12:31:07","date_gmt":"2019-03-26T12:31:07","guid":{"rendered":"https:\/\/yaya-canarias.com\/?page_id=474"},"modified":"2019-08-22T12:24:10","modified_gmt":"2019-08-22T12:24:10","slug":"empresa","status":"publish","type":"page","link":"https:\/\/yaya-canarias.com\/es\/empresa\/","title":{"rendered":"Empresa"},"content":{"rendered":"<h1>Empresa<\/h1>\n<p>YaYa\u00ae Materiales, SLU. fue fundada en el a\u00f1o 1995 como Comunidad de Bienes en la Isla de La Palma\/Canarias y se convirti\u00f3 en una SLU con un capital social de 250.000 EUR en el a\u00f1o 2001.<\/p>\n<p>Desde entonces nos dedicamos a la comercializaci\u00f3n de productos modernos, novedosos e inteligentes para la construcci\u00f3n, respetando como m\u00e1ximo lema de la empresa la relaci\u00f3n calidad-precio; por eso no podemos ni queremos ser los \u201cm\u00e1s baratos\u201d \u2013 nuestra clientela est\u00e1 buscando calidad y soluciones inteligentes y duraderas. La mayor\u00eda de nuestros productos marcan la pauta internacional en cuanto a su calidad y profesionalidad de aplicaci\u00f3n y pertenecen al inmenso grupo de productos qu\u00edmicos para la construcci\u00f3n \u2013 obra nueva de edificios &amp; obra civil y reformas hasta la restauraci\u00f3n del Patrimonio.<\/p>\n<p>La gama de nuestros productos comprende toda la tecnolog\u00eda del hormig\u00f3n como aditivos y fibras para hormig\u00f3n, mortero autonivelante y grout de muy alta resistencia para e\u00f3lica, puentes y maquinaria pesada, pinturas para uso dom\u00e9stico y comercial, por ejemplo para hoteles (acr\u00edlico puro el\u00e1stico, silicona deshumidificante), n\u00e1uticas e industriales (piscinas, contacto directo con alimentos), resinas epoxi y poliuretano, impermeabilizaciones homologadas para cualquier aplicaci\u00f3n (bajo tierra, azoteas, piscinas, Spa, agua potable), silicona, silano y siloxano para la deshumidificaci\u00f3n e hidrofugaci\u00f3n de muros y paredes o tejas (inyecci\u00f3n y\/o tratamiento de la superficie), morteros especiales preparados como de reparaci\u00f3n R4 o revoco\/enlucido deshumidificante o mortero cola flexible para piscinas (gresite) o para aplicaciones bajo caudal de agua (colocaci\u00f3n sumergida), metal duro para armar pisos industriales o las resinas transitables para barcos y azoteas.<\/p>\n<p>Casi todos nuestros productos son de origen alem\u00e1n, austriaco o suizo. Como no estamos \u201ecasados\u201c con ninguna marca espec\u00edfica, podemos elegir los mejores productos y ofertas de fabricantes l\u00edderes como PAGEL Spezial-Beton, Saint-Gobain Weber (Alemania), Wacker-Chemie, COELAN-Chemie, OTTO-Chemie, EXTE, DOYMA, Werra-Plastik, Tricosal BBZ, Baumh\u00fcter, MALECO \u2013 entre otros. Y con esta dedicaci\u00f3n especial seguimos haciendo frente a la crisis con \u00e9xito!<\/p>\n<p>Especialmente para el mercado canario con su climatolog\u00eda especial (sobre todo la insolaci\u00f3n muy fuerte parecido al Caribe, combinado con altos niveles salinos en las zonas costeras) hemos sacado productos adaptados, que se fabrican por fabricantes l\u00edderes en su sector con nuestra marca YaYa.tec\u00ae. Pero una cosa siempre queda igual: todos nuestros productos son de primer\u00edsima calidad central-europea, dise\u00f1ados por ingenieros qu\u00edmicos que saben der verdad.<\/p>\n<p>Algunas especialidades suministramos en toda la Pen\u00ednsula respectivamente Central- y Sudam\u00e9rica \/ \u00c1frica del Norte \/ Asia con transporte directo f\u00e1brica-cliente a la obra.<br \/>\nEn el a\u00f1o 2006 hemos inventado y sacado al mercado una familia de superfluidificantes especiales para cemento puzol\u00e1nico (como se est\u00e1 usando en las islas Canarias), que reduce los gastos en el rango de 4 \u2013 10 EUR\/m3 de hormig\u00f3n. Para este invento, la OEPM nos ha otorgado una patente europea con el n\u00famero EP1894905. Por supuesto, llevan todos nuestros productos el marcado CE, donde sea aplicable.<\/p>\n<p>Nuestro lema es ofrecer los mejores productos del marcado europeo por la mejor relaci\u00f3n calidad\/precio, porque sabemos que solo el cliente contento vuelve \u2013 ya desde hace casi 25 a\u00f1os.<\/p>\n<p>Somos tecn\u00f3logos de hormigones VDB (E-Schein alem\u00e1n) y experto proyectistas para la protecci\u00f3n, reparaci\u00f3n y mantenimiento de estructuras de hormig\u00f3n (SKP alem\u00e1n) y supervisores\/certificadores para este tipo de trabajo (SIVV-Schein alem\u00e1n) \u2013 todo seg\u00fan UNE-EN 1504. Estamos ofreciendo asesoramiento t\u00e9cnico cualificado, peritajes judiciales incluido.<\/p>\n<p>Verter el grout en la junta de uni\u00f3n entre la cimentaci\u00f3n y la torre e\u00f3lica onshore es una de nuestras especialidades \u2013 somos supervisores y certificadores de calidad para este tipo de trabajo, homologados por PAGEL Spezial-Beton (Essen, Alemania), la gente que invent\u00f3 el grout en al a\u00f1o 1960 (Sr. D. Arnfried Pagel).<\/p>\n","protected":false},"excerpt":{"rendered":"<p>Empresa YaYa\u00ae Materiales, SLU. fue fundada en el a\u00f1o 1995 como Comunidad de Bienes en la Isla de La Palma\/Canarias [&hellip;]<\/p>\n","protected":false},"author":2,"featured_media":0,"parent":0,"menu_order":0,"comment_status":"closed","ping_status":"closed","template":"","meta":{"_uag_custom_page_level_css":"","site-sidebar-layout":"default","site-content-layout":"","ast-site-content-layout":"default","site-content-style":"default","site-sidebar-style":"default","ast-global-header-display":"","ast-banner-title-visibility":"","ast-main-header-display":"","ast-hfb-above-header-display":"","ast-hfb-below-header-display":"","ast-hfb-mobile-header-display":"","site-post-title":"","ast-breadcrumbs-content":"","ast-featured-img":"","footer-sml-layout":"","ast-disable-related-posts":"","theme-transparent-header-meta":"","adv-header-id-meta":"","stick-header-meta":"","header-above-stick-meta":"","header-main-stick-meta":"","header-below-stick-meta":"","astra-migrate-meta-layouts":"default","ast-page-background-enabled":"default","ast-page-background-meta":{"desktop":{"background-color":"var(--ast-global-color-4)","background-image":"","background-repeat":"repeat","background-position":"center center","background-size":"auto","background-attachment":"scroll","background-type":"","background-media":"","overlay-type":"","overlay-color":"","overlay-opacity":"","overlay-gradient":""},"tablet":{"background-color":"","background-image":"","background-repeat":"repeat","background-position":"center center","background-size":"auto","background-attachment":"scroll","background-type":"","background-media":"","overlay-type":"","overlay-color":"","overlay-opacity":"","overlay-gradient":""},"mobile":{"background-color":"","background-image":"","background-repeat":"repeat","background-position":"center center","background-size":"auto","background-attachment":"scroll","background-type":"","background-media":"","overlay-type":"","overlay-color":"","overlay-opacity":"","overlay-gradient":""}},"ast-content-background-meta":{"desktop":{"background-color":"var(--ast-global-color-5)","background-image":"","background-repeat":"repeat","background-position":"center center","background-size":"auto","background-attachment":"scroll","background-type":"","background-media":"","overlay-type":"","overlay-color":"","overlay-opacity":"","overlay-gradient":""},"tablet":{"background-color":"var(--ast-global-color-5)","background-image":"","background-repeat":"repeat","background-position":"center center","background-size":"auto","background-attachment":"scroll","background-type":"","background-media":"","overlay-type":"","overlay-color":"","overlay-opacity":"","overlay-gradient":""},"mobile":{"background-color":"var(--ast-global-color-5)","background-image":"","background-repeat":"repeat","background-position":"center center","background-size":"auto","background-attachment":"scroll","background-type":"","background-media":"","overlay-type":"","overlay-color":"","overlay-opacity":"","overlay-gradient":""}},"footnotes":""},"class_list":["post-474","page","type-page","status-publish","hentry"],"yoast_head":"<!-- This site is optimized with the Yoast SEO plugin v27.2 - https:\/\/yoast.com\/product\/yoast-seo-wordpress\/ -->\n<title>Empresa - Yaya Canarias<\/title>\n<meta name=\"description\" content=\"YaYa\u00ae Materiales, SLU. fue fundada en el a\u00f1o 1995 como Comunidad de Bienes en la Isla de La Palma\/Canarias y se convirti\u00f3 en una SLU con un capital social de 250.000 EUR en el a\u00f1o 2001.\" \/>\n<meta name=\"robots\" content=\"index, follow, max-snippet:-1, max-image-preview:large, max-video-preview:-1\" \/>\n<link rel=\"canonical\" href=\"https:\/\/yaya-canarias.com\/es\/empresa\/\" \/>\n<meta property=\"og:locale\" content=\"es_ES\" \/>\n<meta property=\"og:type\" content=\"article\" \/>\n<meta property=\"og:title\" content=\"Empresa - Yaya Canarias\" \/>\n<meta property=\"og:description\" content=\"YaYa\u00ae Materiales, SLU. fue fundada en el a\u00f1o 1995 como Comunidad de Bienes en la Isla de La Palma\/Canarias y se convirti\u00f3 en una SLU con un capital social de 250.000 EUR en el a\u00f1o 2001.\" \/>\n<meta property=\"og:url\" content=\"https:\/\/yaya-canarias.com\/es\/empresa\/\" \/>\n<meta property=\"og:site_name\" content=\"Yaya Canarias\" \/>\n<meta property=\"article:modified_time\" content=\"2019-08-22T12:24:10+00:00\" \/>\n<meta name=\"twitter:card\" content=\"summary_large_image\" \/>\n<meta name=\"twitter:label1\" content=\"Tiempo de lectura\" \/>\n\t<meta name=\"twitter:data1\" content=\"3 minutos\" \/>\n<script type=\"application\/ld+json\" class=\"yoast-schema-graph\">{\"@context\":\"https:\/\/schema.org\",\"@graph\":[{\"@type\":\"WebPage\",\"@id\":\"https:\/\/yaya-canarias.com\/es\/empresa\/\",\"url\":\"https:\/\/yaya-canarias.com\/es\/empresa\/\",\"name\":\"Empresa - Yaya Canarias\",\"isPartOf\":{\"@id\":\"https:\/\/yaya-canarias.com\/es\/#website\"},\"datePublished\":\"2019-03-26T12:31:07+00:00\",\"dateModified\":\"2019-08-22T12:24:10+00:00\",\"description\":\"YaYa\u00ae Materiales, SLU. fue fundada en el a\u00f1o 1995 como Comunidad de Bienes en la Isla de La Palma\/Canarias y se convirti\u00f3 en una SLU con un capital social de 250.000 EUR en el a\u00f1o 2001.\",\"breadcrumb\":{\"@id\":\"https:\/\/yaya-canarias.com\/es\/empresa\/#breadcrumb\"},\"inLanguage\":\"es\",\"potentialAction\":[{\"@type\":\"ReadAction\",\"target\":[\"https:\/\/yaya-canarias.com\/es\/empresa\/\"]}]},{\"@type\":\"BreadcrumbList\",\"@id\":\"https:\/\/yaya-canarias.com\/es\/empresa\/#breadcrumb\",\"itemListElement\":[{\"@type\":\"ListItem\",\"position\":1,\"name\":\"Home\",\"item\":\"https:\/\/yaya-canarias.com\/es\/\"},{\"@type\":\"ListItem\",\"position\":2,\"name\":\"Empresa\"}]},{\"@type\":\"WebSite\",\"@id\":\"https:\/\/yaya-canarias.com\/es\/#website\",\"url\":\"https:\/\/yaya-canarias.com\/es\/\",\"name\":\"Yaya Canarias\",\"description\":\"home\",\"publisher\":{\"@id\":\"https:\/\/yaya-canarias.com\/es\/#organization\"},\"potentialAction\":[{\"@type\":\"SearchAction\",\"target\":{\"@type\":\"EntryPoint\",\"urlTemplate\":\"https:\/\/yaya-canarias.com\/es\/?s={search_term_string}\"},\"query-input\":{\"@type\":\"PropertyValueSpecification\",\"valueRequired\":true,\"valueName\":\"search_term_string\"}}],\"inLanguage\":\"es\"},{\"@type\":\"Organization\",\"@id\":\"https:\/\/yaya-canarias.com\/es\/#organization\",\"name\":\"YaYa Materiales, SLU\",\"url\":\"https:\/\/yaya-canarias.com\/es\/\",\"logo\":{\"@type\":\"ImageObject\",\"inLanguage\":\"es\",\"@id\":\"https:\/\/yaya-canarias.com\/es\/#\/schema\/logo\/image\/\",\"url\":\"https:\/\/yaya-canarias.com\/wp-content\/uploads\/Logo-YaYa.jpg\",\"contentUrl\":\"https:\/\/yaya-canarias.com\/wp-content\/uploads\/Logo-YaYa.jpg\",\"width\":581,\"height\":872,\"caption\":\"YaYa Materiales, SLU\"},\"image\":{\"@id\":\"https:\/\/yaya-canarias.com\/es\/#\/schema\/logo\/image\/\"}}]}<\/script>\n<!-- \/ Yoast SEO plugin. -->","yoast_head_json":{"title":"Empresa - Yaya Canarias","description":"YaYa\u00ae Materiales, SLU. fue fundada en el a\u00f1o 1995 como Comunidad de Bienes en la Isla de La Palma\/Canarias y se convirti\u00f3 en una SLU con un capital social de 250.000 EUR en el a\u00f1o 2001.","robots":{"index":"index","follow":"follow","max-snippet":"max-snippet:-1","max-image-preview":"max-image-preview:large","max-video-preview":"max-video-preview:-1"},"canonical":"https:\/\/yaya-canarias.com\/es\/empresa\/","og_locale":"es_ES","og_type":"article","og_title":"Empresa - Yaya Canarias","og_description":"YaYa\u00ae Materiales, SLU. fue fundada en el a\u00f1o 1995 como Comunidad de Bienes en la Isla de La Palma\/Canarias y se convirti\u00f3 en una SLU con un capital social de 250.000 EUR en el a\u00f1o 2001.","og_url":"https:\/\/yaya-canarias.com\/es\/empresa\/","og_site_name":"Yaya Canarias","article_modified_time":"2019-08-22T12:24:10+00:00","twitter_card":"summary_large_image","twitter_misc":{"Tiempo de lectura":"3 minutos"},"schema":{"@context":"https:\/\/schema.org","@graph":[{"@type":"WebPage","@id":"https:\/\/yaya-canarias.com\/es\/empresa\/","url":"https:\/\/yaya-canarias.com\/es\/empresa\/","name":"Empresa - Yaya Canarias","isPartOf":{"@id":"https:\/\/yaya-canarias.com\/es\/#website"},"datePublished":"2019-03-26T12:31:07+00:00","dateModified":"2019-08-22T12:24:10+00:00","description":"YaYa\u00ae Materiales, SLU. fue fundada en el a\u00f1o 1995 como Comunidad de Bienes en la Isla de La Palma\/Canarias y se convirti\u00f3 en una SLU con un capital social de 250.000 EUR en el a\u00f1o 2001.","breadcrumb":{"@id":"https:\/\/yaya-canarias.com\/es\/empresa\/#breadcrumb"},"inLanguage":"es","potentialAction":[{"@type":"ReadAction","target":["https:\/\/yaya-canarias.com\/es\/empresa\/"]}]},{"@type":"BreadcrumbList","@id":"https:\/\/yaya-canarias.com\/es\/empresa\/#breadcrumb","itemListElement":[{"@type":"ListItem","position":1,"name":"Home","item":"https:\/\/yaya-canarias.com\/es\/"},{"@type":"ListItem","position":2,"name":"Empresa"}]},{"@type":"WebSite","@id":"https:\/\/yaya-canarias.com\/es\/#website","url":"https:\/\/yaya-canarias.com\/es\/","name":"Yaya Canarias","description":"home","publisher":{"@id":"https:\/\/yaya-canarias.com\/es\/#organization"},"potentialAction":[{"@type":"SearchAction","target":{"@type":"EntryPoint","urlTemplate":"https:\/\/yaya-canarias.com\/es\/?s={search_term_string}"},"query-input":{"@type":"PropertyValueSpecification","valueRequired":true,"valueName":"search_term_string"}}],"inLanguage":"es"},{"@type":"Organization","@id":"https:\/\/yaya-canarias.com\/es\/#organization","name":"YaYa Materiales, SLU","url":"https:\/\/yaya-canarias.com\/es\/","logo":{"@type":"ImageObject","inLanguage":"es","@id":"https:\/\/yaya-canarias.com\/es\/#\/schema\/logo\/image\/","url":"https:\/\/yaya-canarias.com\/wp-content\/uploads\/Logo-YaYa.jpg","contentUrl":"https:\/\/yaya-canarias.com\/wp-content\/uploads\/Logo-YaYa.jpg","width":581,"height":872,"caption":"YaYa Materiales, SLU"},"image":{"@id":"https:\/\/yaya-canarias.com\/es\/#\/schema\/logo\/image\/"}}]}},"spectra_custom_meta":{"_wpml_word_count":["{\"total\":323,\"to_translate\":{\"nl\":323,\"en\":323,\"de\":323}}"],"_edit_lock":["1681979863:2"],"_edit_last":["2"],"_wpml_media_featured":["1"],"_wpml_media_duplicate":["1"],"_yoast_wpseo_content_score":["30"],"_yoast_wpseo_focuskw":["empresa yaya"],"_yoast_wpseo_metadesc":["YaYa\u00ae Materiales, SLU. fue fundada en el a\u00f1o 1995 como Comunidad de Bienes en la Isla de La Palma\/Canarias y se convirti\u00f3 en una SLU con un capital social de 250.000 EUR en el a\u00f1o 2001."],"_yoast_wpseo_linkdex":["49"],"_uag_migration_processed":["1"],"copied_media_ids":["a:0:{}"],"referenced_media_ids":["a:0:{}"],"_uag_page_assets":["a:9:{s:3:\"css\";s:0:\"\";s:2:\"js\";s:0:\"\";s:18:\"current_block_list\";a:0:{}s:8:\"uag_flag\";b:0;s:11:\"uag_version\";s:10:\"1773732900\";s:6:\"gfonts\";a:0:{}s:10:\"gfonts_url\";s:0:\"\";s:12:\"gfonts_files\";a:0:{}s:14:\"uag_faq_layout\";b:0;}"]},"uagb_featured_image_src":{"full":false,"thumbnail":false,"medium":false,"medium_large":false,"large":false,"1536x1536":false,"2048x2048":false},"uagb_author_info":{"display_name":"itlapalma","author_link":"https:\/\/yaya-canarias.com\/es\/author\/itlapalma\/"},"uagb_comment_info":0,"uagb_excerpt":"Empresa YaYa\u00ae Materiales, SLU. fue fundada en el a\u00f1o 1995 como Comunidad de Bienes en la Isla de La Palma\/Canarias [&hellip;]","_links":{"self":[{"href":"https:\/\/yaya-canarias.com\/es\/wp-json\/wp\/v2\/pages\/474","targetHints":{"allow":["GET"]}}],"collection":[{"href":"https:\/\/yaya-canarias.com\/es\/wp-json\/wp\/v2\/pages"}],"about":[{"href":"https:\/\/yaya-canarias.com\/es\/wp-json\/wp\/v2\/types\/page"}],"author":[{"embeddable":true,"href":"https:\/\/yaya-canarias.com\/es\/wp-json\/wp\/v2\/users\/2"}],"replies":[{"embeddable":true,"href":"https:\/\/yaya-canarias.com\/es\/wp-json\/wp\/v2\/comments?post=474"}],"version-history":[{"count":0,"href":"https:\/\/yaya-canarias.com\/es\/wp-json\/wp\/v2\/pages\/474\/revisions"}],"wp:attachment":[{"href":"https:\/\/yaya-canarias.com\/es\/wp-json\/wp\/v2\/media?parent=474"}],"curies":[{"name":"wp","href":"https:\/\/api.w.org\/{rel}","templated":true}]}}