{"id":580,"date":"2019-04-08T14:01:17","date_gmt":"2019-04-08T14:01:17","guid":{"rendered":"https:\/\/yaya-canarias.com\/?page_id=580"},"modified":"2019-05-25T08:35:07","modified_gmt":"2019-05-25T08:35:07","slug":"sistema-antisal-para-paredes","status":"publish","type":"page","link":"https:\/\/yaya-canarias.com\/es\/sistemas-de-aplicacion\/sistema-antisal-para-paredes\/","title":{"rendered":"Sistema Antisal para Paredes"},"content":{"rendered":"<h1 style=\"text-align: left;\" align=\"CENTER\">Sistema Antisal para Paredes<\/h1>\n<p style=\"text-align: left;\" align=\"CENTER\">El saneamiento de una pared h\u00fameda depende desde donde entra el agua:<\/p>\n<ul>\n<li>desde arriba, debido a un problema en el techo<br \/>\nver el\u00a0<a href=\"https:\/\/yaya-canarias.com\/es\/sistemas-de-aplicacion\/sistemas-antihumedad-para-azoteas\/\">Sistema Antihumedad para Azoteas<\/a><\/li>\n<li>por la fachada entera, debido a grietas \u00f3 a la calidad inapropiada de la pintura<br \/>\nver el\u00a0<a href=\"https:\/\/yaya-canarias.com\/es\/sistemas-de-aplicacion\/sistema-antihumedad-para-fachadas\/\">Sistema Antihumedad para Fachadas<\/a><\/li>\n<li>desde abajo, debido a la ausencia o rotura del aislamiento horizontal inferior<\/li>\n<\/ul>\n<hr \/>\n<p>Este \u00faltimo caso se trata aqu\u00ed y se soluciona con el Sistema Antisal para Paredes<\/p>\n<div align=\"center\">\n<table class=\" alignleft\" border=\"0\">\n<tbody>\n<tr>\n<td width=\"50%\"><img loading=\"lazy\" decoding=\"async\" src=\"\/wp-content\/uploads\/bild4.jpg\" alt=\"bild4.jpg (12398 Byte)\" width=\"265\" height=\"177\" \/><\/td>\n<td width=\"50%\"><img loading=\"lazy\" decoding=\"async\" src=\"\/wp-content\/uploads\/bild5.jpg\" alt=\"bild5.jpg (16578 Byte)\" width=\"265\" height=\"177\" \/><\/td>\n<\/tr>\n<\/tbody>\n<\/table>\n<p>&nbsp;<\/p>\n<\/div>\n<p align=\"CENTER\">\n<p align=\"CENTER\">\n<p align=\"CENTER\">\n<p align=\"CENTER\">\n<p align=\"CENTER\">\n<p style=\"text-align: left;\" align=\"CENTER\">Los pasos a seguir para la impermeabilizaci\u00f3n de una pared que chupa agua desde abajo siempre son los mismos:<\/p>\n<ol>\n<li>Inyectar en la pared un silicato l\u00edquido o una microemulsi\u00f3n de silicona<\/li>\n<li>Cerrar los agujeros de inyecci\u00f3n<\/li>\n<li>Encalar con mortero de saneamiento<\/li>\n<li>Proteger la pared con el\u00a0<strong>Sistema Antihumedad para Fachadas<\/strong><\/li>\n<\/ol>\n<hr \/>\n<h2>(1) Inyectar en la pared un silicato l\u00edquido o una microemulsi\u00f3n de silicona<\/h2>\n<p align=\"JUSTIFY\">El sistema termina con las humedades, que suben desde abajo o entran desde detr\u00e1s. Como consecuencia, la sal o bien el salitre contenido en los materiales de construcci\u00f3n (arena del mar, cemento sencillo) ya no podr\u00e1 hacer reacci\u00f3n quimica con el agua y expandirse; se queda aislada \u2018durmiendo\u2019 en la pared.<\/p>\n<p align=\"JUSTIFY\">Este primer paso es el m\u00e1s importante de todos. Cuando la impermeabilizaci\u00f3n qu\u00edmica no est\u00e9 hecha correctamente, seguir\u00e1n los problemas. Hay varios materiales para inyectar en una pared. Todos actuan mas o menos de la misma forma: se cierran los capilares del hormig\u00f3n\/piedra\/bloque y como consecuencia, ya no puede chupar agua.<\/p>\n<p align=\"JUSTIFY\">El silicato l\u00edquido\u00a0<strong>Cerinol Activ<\/strong>\u00a0se usa en paredes ligeramente h\u00famedas (humedad relativa &lt; 60%) y en superficies grandes (sin inyecci\u00f3n por agujeros) que se van a encalar despu\u00e9s. La microemulsi\u00f3n de silicona\u00a0<strong>Adexin HS2<\/strong>\u00a0se usa en casos muy graves (humedad relativa de la pared hasta un 90%). Porque pertenece a la familia de las siliconas, es muy dif\u00edcil encalar encima de este material. Por eso, s\u00f3lo es apto para la inyecci\u00f3n por agujeros o en el interior de bloques huecos. Hay que cuidar, que el l\u00edquido no salga fuera de los agujeros y no manche la superficie de la pared, que se va a encalar despu\u00e9s de la inyecci\u00f3n.<\/p>\n<p align=\"JUSTIFY\">Seg\u00fan la firmeza y textura de la piedra se usan dos m\u00e9todos distintos para inyectar el l\u00edquido impermeabilizante:<\/p>\n<ul>\n<li>Inyecci\u00f3n a nula o baja presi\u00f3n por agujeros de inyecci\u00f3n<\/li>\n<li>Inyecci\u00f3n con la m\u00e1quina para sulfatar<\/li>\n<\/ul>\n<h3 align=\"JUSTIFY\">A) Inyecci\u00f3n por nula o baja presi\u00f3n<\/h3>\n<p align=\"JUSTIFY\">Este m\u00e9todo se aplica cuando tratemos una pared hecha de un material firme y poco poroso como hormig\u00f3n, ladrillos de barro cocido, piedra natural cogida con mortero y bloques de arena y cemento macisos. No es apto para bloques con huecos interiores; para este uso vea el m\u00e9todo con la m\u00e1quina para sulfatar.<\/p>\n<h4 align=\"JUSTIFY\">(1) Taladrar agujeros de inyecci\u00f3n<\/h4>\n<table border=\"0\" cellpadding=\"4\">\n<tbody>\n<tr>\n<td valign=\"top\">\n<p align=\"JUSTIFY\">Los agujeros se hacen con un taladro de aprox. \u00d8 30 mm, inclin\u00e1ndose entre un 30\u00b0-45\u00b0 hacia abajo, para que no se salga despu\u00e9s el l\u00edquido de inyecci\u00f3n\u00a0<strong>Cerinol Activ<\/strong>\u00a0o\u00a0<strong>Adexin HS2<\/strong>. Los agujeros se hacen de una profundidad que lleguen hasta aprox. 2\/3 del grosor de la pared. La barrena no deber\u00e1 salir fuera del otro lado de la pared.<\/p>\n<\/td>\n<td valign=\"top\">Cuando se trate de humedad que sube desde abajo, hay que taladrar dos l\u00edneas de agujeros de la siguiente forma:<img loading=\"lazy\" decoding=\"async\" src=\"\/wp-content\/uploads\/piso.gif\" alt=\"piso.gif (1674 Byte)\" width=\"358\" height=\"137\" \/><\/td>\n<\/tr>\n<tr>\n<td valign=\"top\">Cuando se trate de humedad que viene de detr\u00e1s (por ejemplo desde un estanque o pozo negro pegado a la pared), hay que agujerar toda la pared hasta una altura que supera el nivel superior del estanque unos 30 cm como m\u00ednimo. No olvide, que se trata de un proceso de capilaridad.<\/td>\n<td valign=\"top\">\n<p align=\"center\"><img loading=\"lazy\" decoding=\"async\" src=\"\/wp-content\/uploads\/pared1.jpg\" alt=\"pared1.jpg (14634 Byte)\" width=\"250\" height=\"212\" \/><\/p>\n<\/td>\n<\/tr>\n<\/tbody>\n<\/table>\n<p>&nbsp;<\/p>\n<h4 align=\"JUSTIFY\">(2) Inyectar\u00a0<strong>Cerinol Activ<\/strong>\u00a0o\u00a0<strong>Adexin HS2<\/strong><\/h4>\n<p align=\"JUSTIFY\">Muy importante: primero hay que limpiar los agujeros debidamente. Esto se hace con aire a presi\u00f3n libre de aceite (!) o mediante una aspiradora con boca fina [montar un trocito de una manguera \u00d8 aprox. 16 mm en la boquilla es suficiente y se necesitar\u00e1 despu\u00e9s]. S\u00f3lo para <strong>Cerinol Activ<\/strong>: se mojan los agujeros ligeramente con agua calc\u00e1rea (15 g de cal en 10 l de agua).<\/p>\n<p align=\"JUSTIFY\">A continuaci\u00f3n se monta el trocito de manguera en la salida de un embudo. Se inserta el extremo de la manguera en los huecos, rellen\u00e1ndose con\u00a0<strong>Cerinol Activ<\/strong>\u00a0o\u00a0<strong>Adexin HS2<\/strong>\u00a0con el embudo. Hay que repetir este proceso 3-5 veces, seg\u00fan la porosidad de la pared. Es suficiente, cuando la pared ya no absorve o lo hace muy lentamente (&gt; 1 hora para el contenido de un hueco).<\/p>\n<p align=\"JUSTIFY\">Tambi\u00e9n hay un dispositivo que cierra los agujeros de inyecci\u00f3n con una v\u00e1lvula e inyecta el l\u00edquido mediante una bomba a baja presi\u00f3n.<\/p>\n<h3 align=\"JUSTIFY\">B) Inyecci\u00f3n con la m\u00e1quina para sulfatar<\/h3>\n<p align=\"JUSTIFY\">Este m\u00e9todo se aplica cuando tratemos una pared hecha de un material bastante d\u00e9bil y no maciso como bloques con huecos interiores.<\/p>\n<h4 align=\"JUSTIFY\">(1) Abrir los bloques<\/h4>\n<p align=\"JUSTIFY\">En vez de taladrar agujeros, los huecos de los bloques se abren con un martillo, cincel o similar, dejando los nervios del bloque intactos.<\/p>\n<p align=\"JUSTIFY\">Como en A), se abre una l\u00ednea horizontal de dos bloques desde abajo o la pared entera, seg\u00fan el caso.<\/p>\n<h4 align=\"JUSTIFY\">(2) Inyectar\u00a0<strong>Cerinol Activ<\/strong>\u00a0o\u00a0<strong>Adexin HS2<\/strong><\/h4>\n<p align=\"JUSTIFY\">Muy importante: primero hay que limpiar los huecos debidamente. Se sacan los trozos restantes de la cara destruida del bloque y se saca el polvo con una aspiradora. S\u00f3lo para\u00a0<strong>Cerinol Activ<\/strong>: se mojan los huecos ligeramente con agua calc\u00e1rea (15 g de cal en 10 l de agua).<\/p>\n<p align=\"JUSTIFY\">A continuaci\u00f3n se da el l\u00edquido impermeabilizante\u00a0<strong>Cerinol Activ<\/strong>\u00a0o\u00a0<strong>Adexin HS2\u00a0<\/strong>abundantemente con la m\u00e1quina para sulfatar, casi inundando los bloques por dentro. Van a absorver mucho, resultando un consumo excesivo del l\u00edquido usado.<\/p>\n<hr \/>\n<h2>(2) Cerrar los agujeros o huecos de inyecci\u00f3n<\/h2>\n<table border=\"0\">\n<tbody>\n<tr>\n<td style=\"width: 965px;\" valign=\"top\">\n<p align=\"JUSTIFY\">El d\u00eda siguiente hay que comprobar, que ya no queda l\u00edquido de inyecci\u00f3n en los agujeros. En su caso, hay que sacarle con una aspiradora con manguera fina, como se us\u00f3 para sacar el polvo despu\u00e9s de taladrar, vea m\u00e1s arriba.<\/p>\n<p align=\"JUSTIFY\">A continuaci\u00f3n se prepara la suspensi\u00f3n de cemento\u00a0<strong>Cerinol BSP<\/strong>, rellenando los agujeros de inyecci\u00f3n mediante una pistola para inyectar mortero. En el caso de los bloques con huecos interiores se tapa la base de los m\u00edsmos con una capa fina (aprox. 1 cm de grosor) del\u00a0<strong>Cerinol BSP<\/strong>. Despu\u00e9s de su secado se rellena el bloque con mortero impermeabilizado con el aditivo\u00a0<strong>Cerinol Z<\/strong>.<\/p>\n<\/td>\n<td style=\"width: 398px;\" valign=\"top\">\n<p align=\"JUSTIFY\"><img loading=\"lazy\" decoding=\"async\" src=\"\/wp-content\/uploads\/pared2.jpg\" width=\"235\" height=\"209\" hspace=\"10\" \/><\/p>\n<\/td>\n<\/tr>\n<\/tbody>\n<\/table>\n<hr \/>\n<h2>(3) Encalar con mortero de saneamiento<\/h2>\n<p align=\"JUSTIFY\">Como pen\u00faltimo paso se quita el encalado salado y h\u00famedo en su total, por lo menos en la zona del tratamiento qu\u00edmico, superando el \u00faltimo hueco en por lo menos 30 cm.<\/p>\n<p align=\"JUSTIFY\">A continuaci\u00f3n, se encala con el mortero de saneamiento<strong>\u00a0Cerinol SP<\/strong>. Se trata de un mortero especial resistente a la sal, al salitre y al agua.<\/p>\n<p align=\"JUSTIFY\">Cuando el encalado antiguo se haya manchado mucho con el\u00a0<strong>Adexin HS2<\/strong>, puede ser, que se habr\u00e1 saturado con este material. Como consecuencia, puede ser bastante dif\u00edcil pegar el nuevo encalado. En este caso hay que dar antes una lechada rugosa e pegante, hecha con el pegamento para morteros <strong>Compactan C81 cola<\/strong>, vea all\u00ed.<\/p>\n<hr \/>\n<h2>(4) Proteger la pared con el\u00a0Sistema Antihumedad para Fachadas.<\/h2>\n<p align=\"JUSTIFY\">Para evitar, que entre humedad de nuevo por la fachada se recomienda tratar la fachada con el\u00a0<strong>Sistema Antihumedad para Fachadas<\/strong>; vea all\u00ed.<\/p>\n<p><strong>NOTA:<\/strong><br \/>\n<strong>El mejor material del mundo, s\u00f3lo lo ser\u00e1 si lo aplicas correctamente.<\/strong><\/p>\n","protected":false},"excerpt":{"rendered":"<p>Sistema Antisal para Paredes El saneamiento de una pared h\u00fameda depende desde donde entra el agua: desde arriba, debido a [&hellip;]<\/p>\n","protected":false},"author":2,"featured_media":0,"parent":470,"menu_order":0,"comment_status":"closed","ping_status":"closed","template":"","meta":{"_uag_custom_page_level_css":"","site-sidebar-layout":"default","site-content-layout":"","ast-site-content-layout":"default","site-content-style":"default","site-sidebar-style":"default","ast-global-header-display":"","ast-banner-title-visibility":"","ast-main-header-display":"","ast-hfb-above-header-display":"","ast-hfb-below-header-display":"","ast-hfb-mobile-header-display":"","site-post-title":"","ast-breadcrumbs-content":"","ast-featured-img":"","footer-sml-layout":"","ast-disable-related-posts":"","theme-transparent-header-meta":"","adv-header-id-meta":"","stick-header-meta":"","header-above-stick-meta":"","header-main-stick-meta":"","header-below-stick-meta":"","astra-migrate-meta-layouts":"default","ast-page-background-enabled":"default","ast-page-background-meta":{"desktop":{"background-color":"var(--ast-global-color-4)","background-image":"","background-repeat":"repeat","background-position":"center center","background-size":"auto","background-attachment":"scroll","background-type":"","background-media":"","overlay-type":"","overlay-color":"","overlay-opacity":"","overlay-gradient":""},"tablet":{"background-color":"","background-image":"","background-repeat":"repeat","background-position":"center center","background-size":"auto","background-attachment":"scroll","background-type":"","background-media":"","overlay-type":"","overlay-color":"","overlay-opacity":"","overlay-gradient":""},"mobile":{"background-color":"","background-image":"","background-repeat":"repeat","background-position":"center center","background-size":"auto","background-attachment":"scroll","background-type":"","background-media":"","overlay-type":"","overlay-color":"","overlay-opacity":"","overlay-gradient":""}},"ast-content-background-meta":{"desktop":{"background-color":"var(--ast-global-color-5)","background-image":"","background-repeat":"repeat","background-position":"center center","background-size":"auto","background-attachment":"scroll","background-type":"","background-media":"","overlay-type":"","overlay-color":"","overlay-opacity":"","overlay-gradient":""},"tablet":{"background-color":"var(--ast-global-color-5)","background-image":"","background-repeat":"repeat","background-position":"center center","background-size":"auto","background-attachment":"scroll","background-type":"","background-media":"","overlay-type":"","overlay-color":"","overlay-opacity":"","overlay-gradient":""},"mobile":{"background-color":"var(--ast-global-color-5)","background-image":"","background-repeat":"repeat","background-position":"center center","background-size":"auto","background-attachment":"scroll","background-type":"","background-media":"","overlay-type":"","overlay-color":"","overlay-opacity":"","overlay-gradient":""}},"footnotes":""},"class_list":["post-580","page","type-page","status-publish","hentry"],"yoast_head":"<!-- This site is optimized with the Yoast SEO plugin v27.3 - https:\/\/yoast.com\/product\/yoast-seo-wordpress\/ -->\n<title>Sistema Antisal para Paredes - Yaya Canarias<\/title>\n<meta name=\"robots\" content=\"index, follow, max-snippet:-1, max-image-preview:large, max-video-preview:-1\" \/>\n<link rel=\"canonical\" href=\"https:\/\/yaya-canarias.com\/es\/sistemas-de-aplicacion\/sistema-antisal-para-paredes\/\" \/>\n<meta property=\"og:locale\" content=\"es_ES\" \/>\n<meta property=\"og:type\" content=\"article\" \/>\n<meta property=\"og:title\" content=\"Sistema Antisal para Paredes - Yaya Canarias\" \/>\n<meta property=\"og:description\" content=\"Sistema Antisal para Paredes El saneamiento de una pared h\u00fameda depende desde donde entra el agua: desde arriba, debido a [&hellip;]\" \/>\n<meta property=\"og:url\" content=\"https:\/\/yaya-canarias.com\/es\/sistemas-de-aplicacion\/sistema-antisal-para-paredes\/\" \/>\n<meta property=\"og:site_name\" content=\"Yaya Canarias\" \/>\n<meta property=\"article:modified_time\" content=\"2019-05-25T08:35:07+00:00\" \/>\n<meta property=\"og:image\" content=\"https:\/\/yaya-canarias.com\/wp-content\/uploads\/bild4.jpg\" \/>\n<meta name=\"twitter:card\" content=\"summary_large_image\" \/>\n<meta name=\"twitter:label1\" content=\"Tiempo de lectura\" \/>\n\t<meta name=\"twitter:data1\" content=\"6 minutos\" \/>\n<script type=\"application\/ld+json\" class=\"yoast-schema-graph\">{\"@context\":\"https:\\\/\\\/schema.org\",\"@graph\":[{\"@type\":\"WebPage\",\"@id\":\"https:\\\/\\\/yaya-canarias.com\\\/es\\\/sistemas-de-aplicacion\\\/sistema-antisal-para-paredes\\\/\",\"url\":\"https:\\\/\\\/yaya-canarias.com\\\/es\\\/sistemas-de-aplicacion\\\/sistema-antisal-para-paredes\\\/\",\"name\":\"Sistema Antisal para Paredes - Yaya Canarias\",\"isPartOf\":{\"@id\":\"https:\\\/\\\/yaya-canarias.com\\\/es\\\/#website\"},\"datePublished\":\"2019-04-08T14:01:17+00:00\",\"dateModified\":\"2019-05-25T08:35:07+00:00\",\"breadcrumb\":{\"@id\":\"https:\\\/\\\/yaya-canarias.com\\\/es\\\/sistemas-de-aplicacion\\\/sistema-antisal-para-paredes\\\/#breadcrumb\"},\"inLanguage\":\"es\",\"potentialAction\":[{\"@type\":\"ReadAction\",\"target\":[\"https:\\\/\\\/yaya-canarias.com\\\/es\\\/sistemas-de-aplicacion\\\/sistema-antisal-para-paredes\\\/\"]}]},{\"@type\":\"BreadcrumbList\",\"@id\":\"https:\\\/\\\/yaya-canarias.com\\\/es\\\/sistemas-de-aplicacion\\\/sistema-antisal-para-paredes\\\/#breadcrumb\",\"itemListElement\":[{\"@type\":\"ListItem\",\"position\":1,\"name\":\"Home\",\"item\":\"https:\\\/\\\/yaya-canarias.com\\\/es\\\/\"},{\"@type\":\"ListItem\",\"position\":2,\"name\":\"Sistemas de Aplicaci\u00f3n\",\"item\":\"https:\\\/\\\/yaya-canarias.com\\\/es\\\/sistemas-de-aplicacion\\\/\"},{\"@type\":\"ListItem\",\"position\":3,\"name\":\"Sistema Antisal para Paredes\"}]},{\"@type\":\"WebSite\",\"@id\":\"https:\\\/\\\/yaya-canarias.com\\\/es\\\/#website\",\"url\":\"https:\\\/\\\/yaya-canarias.com\\\/es\\\/\",\"name\":\"Yaya Canarias\",\"description\":\"home\",\"publisher\":{\"@id\":\"https:\\\/\\\/yaya-canarias.com\\\/es\\\/#organization\"},\"potentialAction\":[{\"@type\":\"SearchAction\",\"target\":{\"@type\":\"EntryPoint\",\"urlTemplate\":\"https:\\\/\\\/yaya-canarias.com\\\/es\\\/?s={search_term_string}\"},\"query-input\":{\"@type\":\"PropertyValueSpecification\",\"valueRequired\":true,\"valueName\":\"search_term_string\"}}],\"inLanguage\":\"es\"},{\"@type\":\"Organization\",\"@id\":\"https:\\\/\\\/yaya-canarias.com\\\/es\\\/#organization\",\"name\":\"YaYa Materiales, SLU\",\"url\":\"https:\\\/\\\/yaya-canarias.com\\\/es\\\/\",\"logo\":{\"@type\":\"ImageObject\",\"inLanguage\":\"es\",\"@id\":\"https:\\\/\\\/yaya-canarias.com\\\/es\\\/#\\\/schema\\\/logo\\\/image\\\/\",\"url\":\"https:\\\/\\\/yaya-canarias.com\\\/wp-content\\\/uploads\\\/Logo-YaYa.jpg\",\"contentUrl\":\"https:\\\/\\\/yaya-canarias.com\\\/wp-content\\\/uploads\\\/Logo-YaYa.jpg\",\"width\":581,\"height\":872,\"caption\":\"YaYa Materiales, SLU\"},\"image\":{\"@id\":\"https:\\\/\\\/yaya-canarias.com\\\/es\\\/#\\\/schema\\\/logo\\\/image\\\/\"}}]}<\/script>\n<!-- \/ Yoast SEO plugin. -->","yoast_head_json":{"title":"Sistema Antisal para Paredes - Yaya Canarias","robots":{"index":"index","follow":"follow","max-snippet":"max-snippet:-1","max-image-preview":"max-image-preview:large","max-video-preview":"max-video-preview:-1"},"canonical":"https:\/\/yaya-canarias.com\/es\/sistemas-de-aplicacion\/sistema-antisal-para-paredes\/","og_locale":"es_ES","og_type":"article","og_title":"Sistema Antisal para Paredes - Yaya Canarias","og_description":"Sistema Antisal para Paredes El saneamiento de una pared h\u00fameda depende desde donde entra el agua: desde arriba, debido a [&hellip;]","og_url":"https:\/\/yaya-canarias.com\/es\/sistemas-de-aplicacion\/sistema-antisal-para-paredes\/","og_site_name":"Yaya Canarias","article_modified_time":"2019-05-25T08:35:07+00:00","og_image":[{"url":"https:\/\/yaya-canarias.com\/wp-content\/uploads\/bild4.jpg","type":"","width":"","height":""}],"twitter_card":"summary_large_image","twitter_misc":{"Tiempo de lectura":"6 minutos"},"schema":{"@context":"https:\/\/schema.org","@graph":[{"@type":"WebPage","@id":"https:\/\/yaya-canarias.com\/es\/sistemas-de-aplicacion\/sistema-antisal-para-paredes\/","url":"https:\/\/yaya-canarias.com\/es\/sistemas-de-aplicacion\/sistema-antisal-para-paredes\/","name":"Sistema Antisal para Paredes - Yaya Canarias","isPartOf":{"@id":"https:\/\/yaya-canarias.com\/es\/#website"},"datePublished":"2019-04-08T14:01:17+00:00","dateModified":"2019-05-25T08:35:07+00:00","breadcrumb":{"@id":"https:\/\/yaya-canarias.com\/es\/sistemas-de-aplicacion\/sistema-antisal-para-paredes\/#breadcrumb"},"inLanguage":"es","potentialAction":[{"@type":"ReadAction","target":["https:\/\/yaya-canarias.com\/es\/sistemas-de-aplicacion\/sistema-antisal-para-paredes\/"]}]},{"@type":"BreadcrumbList","@id":"https:\/\/yaya-canarias.com\/es\/sistemas-de-aplicacion\/sistema-antisal-para-paredes\/#breadcrumb","itemListElement":[{"@type":"ListItem","position":1,"name":"Home","item":"https:\/\/yaya-canarias.com\/es\/"},{"@type":"ListItem","position":2,"name":"Sistemas de Aplicaci\u00f3n","item":"https:\/\/yaya-canarias.com\/es\/sistemas-de-aplicacion\/"},{"@type":"ListItem","position":3,"name":"Sistema Antisal para Paredes"}]},{"@type":"WebSite","@id":"https:\/\/yaya-canarias.com\/es\/#website","url":"https:\/\/yaya-canarias.com\/es\/","name":"Yaya Canarias","description":"home","publisher":{"@id":"https:\/\/yaya-canarias.com\/es\/#organization"},"potentialAction":[{"@type":"SearchAction","target":{"@type":"EntryPoint","urlTemplate":"https:\/\/yaya-canarias.com\/es\/?s={search_term_string}"},"query-input":{"@type":"PropertyValueSpecification","valueRequired":true,"valueName":"search_term_string"}}],"inLanguage":"es"},{"@type":"Organization","@id":"https:\/\/yaya-canarias.com\/es\/#organization","name":"YaYa Materiales, SLU","url":"https:\/\/yaya-canarias.com\/es\/","logo":{"@type":"ImageObject","inLanguage":"es","@id":"https:\/\/yaya-canarias.com\/es\/#\/schema\/logo\/image\/","url":"https:\/\/yaya-canarias.com\/wp-content\/uploads\/Logo-YaYa.jpg","contentUrl":"https:\/\/yaya-canarias.com\/wp-content\/uploads\/Logo-YaYa.jpg","width":581,"height":872,"caption":"YaYa Materiales, SLU"},"image":{"@id":"https:\/\/yaya-canarias.com\/es\/#\/schema\/logo\/image\/"}}]}},"spectra_custom_meta":{"_wpml_word_count":["{\"total\":1163,\"to_translate\":{\"nl\":1163,\"en\":1163,\"de\":1163}}"],"_edit_lock":["1558773189:2"],"_edit_last":["2"],"_wpml_media_featured":["1"],"_wpml_media_duplicate":["1"],"_yoast_wpseo_content_score":["90"],"_uag_migration_processed":["1"],"copied_media_ids":["a:0:{}"],"referenced_media_ids":["a:0:{}"],"_uag_page_assets":["a:9:{s:3:\"css\";s:0:\"\";s:2:\"js\";s:0:\"\";s:18:\"current_block_list\";a:0:{}s:8:\"uag_flag\";b:0;s:11:\"uag_version\";s:10:\"1775452829\";s:6:\"gfonts\";a:0:{}s:10:\"gfonts_url\";s:0:\"\";s:12:\"gfonts_files\";a:0:{}s:14:\"uag_faq_layout\";b:0;}"]},"uagb_featured_image_src":{"full":false,"thumbnail":false,"medium":false,"medium_large":false,"large":false,"1536x1536":false,"2048x2048":false},"uagb_author_info":{"display_name":"itlapalma","author_link":"https:\/\/yaya-canarias.com\/es\/author\/itlapalma\/"},"uagb_comment_info":0,"uagb_excerpt":"Sistema Antisal para Paredes El saneamiento de una pared h\u00fameda depende desde donde entra el agua: desde arriba, debido a [&hellip;]","_links":{"self":[{"href":"https:\/\/yaya-canarias.com\/es\/wp-json\/wp\/v2\/pages\/580","targetHints":{"allow":["GET"]}}],"collection":[{"href":"https:\/\/yaya-canarias.com\/es\/wp-json\/wp\/v2\/pages"}],"about":[{"href":"https:\/\/yaya-canarias.com\/es\/wp-json\/wp\/v2\/types\/page"}],"author":[{"embeddable":true,"href":"https:\/\/yaya-canarias.com\/es\/wp-json\/wp\/v2\/users\/2"}],"replies":[{"embeddable":true,"href":"https:\/\/yaya-canarias.com\/es\/wp-json\/wp\/v2\/comments?post=580"}],"version-history":[{"count":0,"href":"https:\/\/yaya-canarias.com\/es\/wp-json\/wp\/v2\/pages\/580\/revisions"}],"up":[{"embeddable":true,"href":"https:\/\/yaya-canarias.com\/es\/wp-json\/wp\/v2\/pages\/470"}],"wp:attachment":[{"href":"https:\/\/yaya-canarias.com\/es\/wp-json\/wp\/v2\/media?parent=580"}],"curies":[{"name":"wp","href":"https:\/\/api.w.org\/{rel}","templated":true}]}}