{"id":588,"date":"2019-04-08T14:17:38","date_gmt":"2019-04-08T14:17:38","guid":{"rendered":"https:\/\/yaya-canarias.com\/?page_id=588"},"modified":"2019-05-25T08:32:18","modified_gmt":"2019-05-25T08:32:18","slug":"sistema-antihumedad-para-fachadas","status":"publish","type":"page","link":"https:\/\/yaya-canarias.com\/es\/sistemas-de-aplicacion\/sistema-antihumedad-para-fachadas\/","title":{"rendered":"Sistema Antihumedad para Fachadas"},"content":{"rendered":"<h1>Sistema Antihumedad para Fachadas<\/h1>\n<div>\n<p align=\"left\">El saneamiento de una pared h\u00fameda depende desde donde entra el agua:<\/p>\n<ul>\n<li>desde arriba, debido a un problema con el techo<br \/>\nver el\u00a0<a href=\"https:\/\/yaya-canarias.com\/es\/sistemas-de-aplicacion\/sistemas-antihumedad-para-azoteas\/\">Sistema Antihumedad para Azoteas<\/a><\/li>\n<li>desde abajo, debido a la ausencia o rotura del aislamiento horizontal inferior<br \/>\nver el\u00a0<a href=\"https:\/\/yaya-canarias.com\/es\/sistemas-de-aplicacion\/sistema-antisal-para-paredes\/\">Sistema Antisal para Paredes<\/a><\/li>\n<\/ul>\n<ul>\n<li>por la fachada entera, debido a grietas \u00f3 a la calidad inapropiada de la pintura<\/li>\n<\/ul>\n<hr \/>\n<h2>Este \u00faltimo caso se trata aqu\u00ed y se soluciona con el Sistema Antihumedad para Fachadas<\/h2>\n<p align=\"left\">Los pasos a seguir para la impermeabilizaci\u00f3n de la cara exterior de una fachada siempre son los mismos:<\/p>\n<ol type=\"1\">\n<li>Preparar la superficie de la base adecuadamente<\/li>\n<li>Cerrar y\/o sanear las grietas, seg\u00fan su categor\u00eda<\/li>\n<li>Usar una pintura que se adecue a las influencias del medio-ambiente<\/li>\n<\/ol>\n<p align=\"center\"><img loading=\"lazy\" decoding=\"async\" src=\"\/wp-content\/uploads\/images\/wpe1.jpg\" width=\"149\" height=\"52\" \/><\/p>\n<hr \/>\n<h2>(1) Preparar la superficie de la base adecuadamente<\/h2>\n<p>Este primer paso es el m\u00e1s importante de todos. Cuando la base no est\u00e1 bien preparada, no se puede pegar ning\u00fan tipo de pintura suficientemente. Para aplicar cualquier tipo de pintura o recubrimiento (como encalado de resinas artificiales) siempre se necesita un soporte:<\/p>\n<ul>\n<li>firme<\/li>\n<li>limpio<\/li>\n<li>seco<\/li>\n<li>desempolvado<\/li>\n<li>sin partes sueltas<\/li>\n<\/ul>\n<p align=\"JUSTIFY\">Para cumplir estas exigencias, primero hay que limpiar la fachada en todos los casos, de polvo, de suciedad, y de sustancias separadoras como grasa.<\/p>\n<p align=\"JUSTIFY\">Hay que sacar todas las partes sueltas o pinturas viejas, que se despeguen. Este trabajo se hace con una brocha met\u00e1lica, con un rascador para paredes o con la m\u00e1quina desincrustadora SAF 750 E (FESTO). Ahora se puede examinar y reparar el soporte.<\/p>\n<h4 align=\"JUSTIFY\">Reparaci\u00f3n de soportes viejos o malos<\/h4>\n<p align=\"JUSTIFY\">Bloques sueltos y agujeros grandes se fijan o rellenan con un mortero reparador, que se hace de la manera tradicional m\u00e1s el aditivo\u00a0<strong>Compactan C81 cola<\/strong>. Vea all\u00ed.<\/p>\n<p align=\"JUSTIFY\">Encalado en mal estado, blando, hecho con poco cemento y mucha arena, conteniendo sal etc. se refuerza e impermeabiliza con una o dos manos del silicato l\u00edquido\u00a0<strong>Cerinol Activ<\/strong>.\u00a0Es el mismo producto que se usa en el\u00a0<strong><em>Sistema Antisal para Paredes<\/em><\/strong>, que se aplica, cuando haya problemas con humedades y\/o sal\/salitre; vea all\u00ed. En el caso que el encalado existente sea tan malo, que no se pueda reforzar con\u00a0<strong>Cerinol Activ<\/strong>, no queda otra soluci\u00f3n que picar el encalado completamente y sustituirle por el encalado de saneamiento\u00a0<strong>Cerinol SP<\/strong>. Este tipo de encalado especial es resistente al agua, a la sal y a muchas influencias negativas de un medio-ambiente agresivo. Siempre y cuando no haya otra soluci\u00f3n, \u00e9sto funciona.<\/p>\n<p align=\"JUSTIFY\">Una vez hechas las grandes reparaciones, se da una mano de la imprimaci\u00f3n para fachadas\u00a0<strong>malecoprim<\/strong>; despu\u00e9s de su secado total (8 h) se cierran o bien sanean las grietas seg\u00fan su categor\u00eda.<\/p>\n<h4>Preparaci\u00f3n de soportes nuevos (encalado, hormig\u00f3n a la vista)<\/h4>\n<p>S\u00f3lo hay que dar una mano de la imprimaci\u00f3n para fachadas\u00a0malecoprim; despu\u00e9s de su secado total (8 h) se cierran o bien sanean las grietas seg\u00fan su categor\u00eda, si se da el caso.<\/p>\n<hr \/>\n<h2>(2) Cerrar y\/o sanear las grietas, seg\u00fan su categor\u00eda<\/h2>\n<p>Hay 3 categor\u00edas de grietas en fachadas, que se distinguen por su origen y naturaleza. L\u00f3gicamente, cada una tiene su m\u00e9todo de saneamiento.<\/p>\n<h3>a) Categor\u00eda 1:<br \/>\nGrietas, que s\u00f3lo est\u00e1n presentes en la superficie del encalado (0,1 &#8211; 0,3 mm de ancho)<\/h3>\n<div align=\"center\">\n<p>&nbsp;<\/p>\n<table style=\"width: 90%;\" border=\"0\" width=\"90%\" cellpadding=\"5\">\n<tbody>\n<tr>\n<td style=\"width: 15.3908%;\" align=\"left\"><img loading=\"lazy\" decoding=\"async\" src=\"\/wp-content\/uploads\/bild2.jpg\" width=\"230\" height=\"399\" \/><\/td>\n<td style=\"width: 83.9645%;\" align=\"center\" valign=\"top\">\n<p align=\"left\">Se trata de grietas, que se forman s\u00f3lo en los \u00faltimos mil\u00edmetros del encalado, debido al secado muy r\u00e1pido del mismo o por flotear mucho.<\/p>\n<p align=\"JUSTIFY\">Si se trata de grietas aisladas, se pueden tapar con la pintura de acr\u00edlico puro<br \/>\n<strong>malecolan<\/strong>, rellen\u00e1ndolos con un pincel peque\u00f1o antes de dar la primera mano de pintura. Este m\u00e9todo no funciona con pinturas a base de silicato o silicona, porque no forman pel\u00edcula. Si se trata de muchas grietas, es m\u00e1s f\u00e1cil incorporar el <strong>Vell\u00f3n no-tejido K30<\/strong> entre las dos manos del <strong>malecolan<\/strong>.<\/p>\n<\/td>\n<\/tr>\n<\/tbody>\n<\/table>\n<p>&nbsp;<\/p>\n<\/div>\n<h3>b) Categor\u00eda 2:<br \/>\nGrietas, que originan en la pared &#8211; estalladuras bastante visibles (0,2 &#8211; 0,8 mm de ancho) se nota perfectamente, que la grieta coincide con la forma del bloque<\/h3>\n<div align=\"center\">\n<p>&nbsp;<\/p>\n<table style=\"width: 90%;\" border=\"0\" width=\"90%\" cellpadding=\"5\">\n<tbody>\n<tr>\n<td style=\"width: 15.6326%;\" align=\"left\"><img loading=\"lazy\" decoding=\"async\" src=\"\/wp-content\/uploads\/bild1.jpg\" width=\"350\" height=\"225\" \/><\/td>\n<td style=\"width: 83.7228%;\" align=\"center\" valign=\"top\">\n<p align=\"JUSTIFY\">Estas grietas penetran el encalado totalmente hasta dentro de la junta del mortero; por eso coincide la grieta con la forma del bloque y se determina \u00e9ste perfectamente.<\/p>\n<p align=\"JUSTIFY\">Las estalladuras peque\u00f1as se tapan con la\u00a0<strong>Masilla con Fibras para Fachadas<\/strong>. Las m\u00e1s grandes y todas las grietas que se mueven, se ensanchan hasta aprox. 3-5 mm de ancho y 5 mm de profundidad y se rellenan con la <strong>Masilla con Fibras para Fachadas<\/strong>. Despu\u00e9s se incorpora la Malla de Poliester 10\/10 entre dos manos del pegamento para mallas <strong>malecopeg<\/strong>, tapando la grieta flexiblemente. Este m\u00e9todo tambi\u00e9n se llama Armadura flotante de grietas. Se puede aplicar parcialmente o en una fachada completa.<\/p>\n<\/td>\n<\/tr>\n<\/tbody>\n<\/table>\n<p>&nbsp;<\/p>\n<\/div>\n<h3>c) Categor\u00eda 3:<br \/>\nGrietas en la pared, debidas a la t\u00e9cnica de la construcci\u00f3n (0,5 &#8211; 10 mm)<\/h3>\n<div align=\"center\">\n<p>&nbsp;<\/p>\n<table style=\"width: 90%;\" border=\"0\" width=\"90%\" cellpadding=\"5\">\n<tbody>\n<tr>\n<td style=\"width: 16.3578%;\" align=\"left\"><img loading=\"lazy\" decoding=\"async\" src=\"\/wp-content\/uploads\/bild3.jpg\" width=\"242\" height=\"421\" \/><\/td>\n<td style=\"width: 82.9976%;\" align=\"center\" valign=\"top\">\n<p align=\"JUSTIFY\">Se trata de grietas, que aparecen en las zonas d\u00e9biles de un edificio, por ejemplo en los puntos de encuentro entre una pared y el techo, alrededor de ventanas y puertas. La grieta habr\u00e1 partido el muro o la pared completamente y a menudo se dilatan los cantos de la grieta horizontalmente y\/o se salen partes de la fachada hacia fuera. Las causas pueden ser fallos de la construcci\u00f3n, terremotos o que se baja la tierra. Tambi\u00e9n, este tipo de grietas se encuentra en las juntas entre elementos prefabricados.<\/p>\n<p align=\"JUSTIFY\">En este caso se pega la\u00a0<strong>Cinta Puente Grietas<\/strong>\u00a0con la pintura-cola\u00a0<strong>malecopeg<\/strong>\u00a0encima de la grieta de modo flotante y despu\u00e9s se tapa todo con la\u00a0<strong>Masilla con Fibras para Fachadas<\/strong>.<\/p>\n<p align=\"JUSTIFY\">Para obtener un resultado de estrella, se recomienda sacar fresando unos 2 mm del encalado en las zonas donde se pondr\u00e1 la\u00a0<strong>Cinta Puente Grietas<\/strong>,\u00a0usando la desincrustadora SAF 750 E (Festo). El grosor de la masilla m\u00e1s el de la cinta rellenar\u00e1 perfectamente lo sacado y al final la cinta no se notar\u00e1 nada en la fachada.<\/p>\n<\/td>\n<\/tr>\n<\/tbody>\n<\/table>\n<p>&nbsp;<\/p>\n<\/div>\n<hr \/>\n<h2>(3) Usar una pintura que se adecue a las influencias del medio-ambiente<\/h2>\n<p>Las influencias del medio-ambiente atacan cualquier clase de pintura diariamente: el cambio de la temperatura, los rayos ultravioleta del sol, la sal del mar, emisiones t\u00f3xicas de f\u00e1bricas y coches, lluvia \u00e1cida etc.<\/p>\n<p>Cualquier pintura, que sea durable y fiable durante muchos a\u00f1os, especialmente en Canarias y Cuba, tiene que cumplir las siguientes condiciones:<\/p>\n<ul>\n<li>Alta resistencia al agua y resistente a la lluvia fuerte<\/li>\n<li>Muy resistente a los rayos ultravioleta (no se estalla)<\/li>\n<li>Transpirable por el vapor de agua (no se forman bolsas)<\/li>\n<li>Autolimpiante = superficie lisa<\/li>\n<li>Resistente a la alcalinidad y a influencias negativas del medio-ambiente<\/li>\n<li>Elasticidad (movimiento de la fachada debido al cambio de la temperatura)<\/li>\n<li>Capaz de rellenar grietas finas<\/li>\n<li>Resistente al frotamiento<\/li>\n<li>Algicida y fungicida<\/li>\n<li>Alto rendimiento por mano<\/li>\n<\/ul>\n<p>Hay s\u00f3lo un material de base, que cumple estas exigencias con seguridad:<\/p>\n<h4 align=\"CENTER\">Resina de acr\u00edlico\u00a0<strong>puro\u00a0<\/strong>sin aditivos baratos<\/h4>\n<p>De este material se hace la pintura para fachadas, que aguanta muchos a\u00f1os bajo condiciones muy malas:\u00a0<strong>malecolan<\/strong>.<\/p>\n<p>Siempre se dan dos manos de la pintura para fachadas\u00a0malecolan. Despu\u00e9s de que el soporte se haya preparado con una mano de la imprimaci\u00f3n\u00a0<strong>malecoprim<\/strong>, la pintura\u00a0<strong>malecolan\u00a0<\/strong>no se diluye ni con agua ni con otra cosa.<\/p>\n<p>Para disfrutar de su gran rendimiento se recomienda usar un rodillo y trabajar en plan cruzado, es decir aplicar cada mano en sentido vertical, despu\u00e9s extenderla horizontalmente y pasar con el mismo rodillo ya casi seco una tercera vez verticalmente.<\/p>\n<p>A continuaci\u00f3n se da la segunda mano de la misma manera.<\/p>\n<p align=\"left\"><strong>NOTA:<\/strong><br \/>\n<strong>El mejor material del mundo, s\u00f3lo lo ser\u00e1 si lo aplicas correctamente.<\/strong><\/p>\n<\/div>\n<div>\n<p align=\"center\">\n<\/div>\n","protected":false},"excerpt":{"rendered":"<p>Sistema Antihumedad para Fachadas El saneamiento de una pared h\u00fameda depende desde donde entra el agua: desde arriba, debido a [&hellip;]<\/p>\n","protected":false},"author":2,"featured_media":0,"parent":470,"menu_order":0,"comment_status":"closed","ping_status":"closed","template":"","meta":{"_uag_custom_page_level_css":"","site-sidebar-layout":"default","site-content-layout":"","ast-site-content-layout":"default","site-content-style":"default","site-sidebar-style":"default","ast-global-header-display":"","ast-banner-title-visibility":"","ast-main-header-display":"","ast-hfb-above-header-display":"","ast-hfb-below-header-display":"","ast-hfb-mobile-header-display":"","site-post-title":"","ast-breadcrumbs-content":"","ast-featured-img":"","footer-sml-layout":"","ast-disable-related-posts":"","theme-transparent-header-meta":"","adv-header-id-meta":"","stick-header-meta":"","header-above-stick-meta":"","header-main-stick-meta":"","header-below-stick-meta":"","astra-migrate-meta-layouts":"default","ast-page-background-enabled":"default","ast-page-background-meta":{"desktop":{"background-color":"var(--ast-global-color-4)","background-image":"","background-repeat":"repeat","background-position":"center center","background-size":"auto","background-attachment":"scroll","background-type":"","background-media":"","overlay-type":"","overlay-color":"","overlay-opacity":"","overlay-gradient":""},"tablet":{"background-color":"","background-image":"","background-repeat":"repeat","background-position":"center center","background-size":"auto","background-attachment":"scroll","background-type":"","background-media":"","overlay-type":"","overlay-color":"","overlay-opacity":"","overlay-gradient":""},"mobile":{"background-color":"","background-image":"","background-repeat":"repeat","background-position":"center center","background-size":"auto","background-attachment":"scroll","background-type":"","background-media":"","overlay-type":"","overlay-color":"","overlay-opacity":"","overlay-gradient":""}},"ast-content-background-meta":{"desktop":{"background-color":"var(--ast-global-color-5)","background-image":"","background-repeat":"repeat","background-position":"center center","background-size":"auto","background-attachment":"scroll","background-type":"","background-media":"","overlay-type":"","overlay-color":"","overlay-opacity":"","overlay-gradient":""},"tablet":{"background-color":"var(--ast-global-color-5)","background-image":"","background-repeat":"repeat","background-position":"center center","background-size":"auto","background-attachment":"scroll","background-type":"","background-media":"","overlay-type":"","overlay-color":"","overlay-opacity":"","overlay-gradient":""},"mobile":{"background-color":"var(--ast-global-color-5)","background-image":"","background-repeat":"repeat","background-position":"center center","background-size":"auto","background-attachment":"scroll","background-type":"","background-media":"","overlay-type":"","overlay-color":"","overlay-opacity":"","overlay-gradient":""}},"footnotes":""},"class_list":["post-588","page","type-page","status-publish","hentry"],"yoast_head":"<!-- This site is optimized with the Yoast SEO plugin v27.4 - https:\/\/yoast.com\/product\/yoast-seo-wordpress\/ -->\n<title>Sistema Antihumedad para Fachadas - Yaya Canarias<\/title>\n<meta name=\"robots\" content=\"index, follow, max-snippet:-1, max-image-preview:large, max-video-preview:-1\" \/>\n<link rel=\"canonical\" href=\"https:\/\/yaya-canarias.com\/es\/sistemas-de-aplicacion\/sistema-antihumedad-para-fachadas\/\" \/>\n<meta property=\"og:locale\" content=\"es_ES\" \/>\n<meta property=\"og:type\" content=\"article\" \/>\n<meta property=\"og:title\" content=\"Sistema Antihumedad para Fachadas - Yaya Canarias\" \/>\n<meta property=\"og:description\" content=\"Sistema Antihumedad para Fachadas El saneamiento de una pared h\u00fameda depende desde donde entra el agua: desde arriba, debido a [&hellip;]\" \/>\n<meta property=\"og:url\" content=\"https:\/\/yaya-canarias.com\/es\/sistemas-de-aplicacion\/sistema-antihumedad-para-fachadas\/\" \/>\n<meta property=\"og:site_name\" content=\"Yaya Canarias\" \/>\n<meta property=\"article:modified_time\" content=\"2019-05-25T08:32:18+00:00\" \/>\n<meta property=\"og:image\" content=\"https:\/\/yaya-canarias.com\/wp-content\/uploads\/images\/wpe1.jpg\" \/>\n<meta name=\"twitter:card\" content=\"summary_large_image\" \/>\n<meta name=\"twitter:label1\" content=\"Tiempo de lectura\" \/>\n\t<meta name=\"twitter:data1\" content=\"6 minutos\" \/>\n<script type=\"application\/ld+json\" class=\"yoast-schema-graph\">{\"@context\":\"https:\\\/\\\/schema.org\",\"@graph\":[{\"@type\":\"WebPage\",\"@id\":\"https:\\\/\\\/yaya-canarias.com\\\/es\\\/sistemas-de-aplicacion\\\/sistema-antihumedad-para-fachadas\\\/\",\"url\":\"https:\\\/\\\/yaya-canarias.com\\\/es\\\/sistemas-de-aplicacion\\\/sistema-antihumedad-para-fachadas\\\/\",\"name\":\"Sistema Antihumedad para Fachadas - Yaya Canarias\",\"isPartOf\":{\"@id\":\"https:\\\/\\\/yaya-canarias.com\\\/es\\\/#website\"},\"datePublished\":\"2019-04-08T14:17:38+00:00\",\"dateModified\":\"2019-05-25T08:32:18+00:00\",\"breadcrumb\":{\"@id\":\"https:\\\/\\\/yaya-canarias.com\\\/es\\\/sistemas-de-aplicacion\\\/sistema-antihumedad-para-fachadas\\\/#breadcrumb\"},\"inLanguage\":\"es\",\"potentialAction\":[{\"@type\":\"ReadAction\",\"target\":[\"https:\\\/\\\/yaya-canarias.com\\\/es\\\/sistemas-de-aplicacion\\\/sistema-antihumedad-para-fachadas\\\/\"]}]},{\"@type\":\"BreadcrumbList\",\"@id\":\"https:\\\/\\\/yaya-canarias.com\\\/es\\\/sistemas-de-aplicacion\\\/sistema-antihumedad-para-fachadas\\\/#breadcrumb\",\"itemListElement\":[{\"@type\":\"ListItem\",\"position\":1,\"name\":\"Home\",\"item\":\"https:\\\/\\\/yaya-canarias.com\\\/es\\\/\"},{\"@type\":\"ListItem\",\"position\":2,\"name\":\"Sistemas de Aplicaci\u00f3n\",\"item\":\"https:\\\/\\\/yaya-canarias.com\\\/es\\\/sistemas-de-aplicacion\\\/\"},{\"@type\":\"ListItem\",\"position\":3,\"name\":\"Sistema Antihumedad para Fachadas\"}]},{\"@type\":\"WebSite\",\"@id\":\"https:\\\/\\\/yaya-canarias.com\\\/es\\\/#website\",\"url\":\"https:\\\/\\\/yaya-canarias.com\\\/es\\\/\",\"name\":\"Yaya Canarias\",\"description\":\"home\",\"publisher\":{\"@id\":\"https:\\\/\\\/yaya-canarias.com\\\/es\\\/#organization\"},\"potentialAction\":[{\"@type\":\"SearchAction\",\"target\":{\"@type\":\"EntryPoint\",\"urlTemplate\":\"https:\\\/\\\/yaya-canarias.com\\\/es\\\/?s={search_term_string}\"},\"query-input\":{\"@type\":\"PropertyValueSpecification\",\"valueRequired\":true,\"valueName\":\"search_term_string\"}}],\"inLanguage\":\"es\"},{\"@type\":\"Organization\",\"@id\":\"https:\\\/\\\/yaya-canarias.com\\\/es\\\/#organization\",\"name\":\"YaYa Materiales, SLU\",\"url\":\"https:\\\/\\\/yaya-canarias.com\\\/es\\\/\",\"logo\":{\"@type\":\"ImageObject\",\"inLanguage\":\"es\",\"@id\":\"https:\\\/\\\/yaya-canarias.com\\\/es\\\/#\\\/schema\\\/logo\\\/image\\\/\",\"url\":\"https:\\\/\\\/yaya-canarias.com\\\/wp-content\\\/uploads\\\/Logo-YaYa.jpg\",\"contentUrl\":\"https:\\\/\\\/yaya-canarias.com\\\/wp-content\\\/uploads\\\/Logo-YaYa.jpg\",\"width\":581,\"height\":872,\"caption\":\"YaYa Materiales, SLU\"},\"image\":{\"@id\":\"https:\\\/\\\/yaya-canarias.com\\\/es\\\/#\\\/schema\\\/logo\\\/image\\\/\"}}]}<\/script>\n<!-- \/ Yoast SEO plugin. -->","yoast_head_json":{"title":"Sistema Antihumedad para Fachadas - Yaya Canarias","robots":{"index":"index","follow":"follow","max-snippet":"max-snippet:-1","max-image-preview":"max-image-preview:large","max-video-preview":"max-video-preview:-1"},"canonical":"https:\/\/yaya-canarias.com\/es\/sistemas-de-aplicacion\/sistema-antihumedad-para-fachadas\/","og_locale":"es_ES","og_type":"article","og_title":"Sistema Antihumedad para Fachadas - Yaya Canarias","og_description":"Sistema Antihumedad para Fachadas El saneamiento de una pared h\u00fameda depende desde donde entra el agua: desde arriba, debido a [&hellip;]","og_url":"https:\/\/yaya-canarias.com\/es\/sistemas-de-aplicacion\/sistema-antihumedad-para-fachadas\/","og_site_name":"Yaya Canarias","article_modified_time":"2019-05-25T08:32:18+00:00","og_image":[{"url":"https:\/\/yaya-canarias.com\/wp-content\/uploads\/images\/wpe1.jpg","type":"","width":"","height":""}],"twitter_card":"summary_large_image","twitter_misc":{"Tiempo de lectura":"6 minutos"},"schema":{"@context":"https:\/\/schema.org","@graph":[{"@type":"WebPage","@id":"https:\/\/yaya-canarias.com\/es\/sistemas-de-aplicacion\/sistema-antihumedad-para-fachadas\/","url":"https:\/\/yaya-canarias.com\/es\/sistemas-de-aplicacion\/sistema-antihumedad-para-fachadas\/","name":"Sistema Antihumedad para Fachadas - Yaya Canarias","isPartOf":{"@id":"https:\/\/yaya-canarias.com\/es\/#website"},"datePublished":"2019-04-08T14:17:38+00:00","dateModified":"2019-05-25T08:32:18+00:00","breadcrumb":{"@id":"https:\/\/yaya-canarias.com\/es\/sistemas-de-aplicacion\/sistema-antihumedad-para-fachadas\/#breadcrumb"},"inLanguage":"es","potentialAction":[{"@type":"ReadAction","target":["https:\/\/yaya-canarias.com\/es\/sistemas-de-aplicacion\/sistema-antihumedad-para-fachadas\/"]}]},{"@type":"BreadcrumbList","@id":"https:\/\/yaya-canarias.com\/es\/sistemas-de-aplicacion\/sistema-antihumedad-para-fachadas\/#breadcrumb","itemListElement":[{"@type":"ListItem","position":1,"name":"Home","item":"https:\/\/yaya-canarias.com\/es\/"},{"@type":"ListItem","position":2,"name":"Sistemas de Aplicaci\u00f3n","item":"https:\/\/yaya-canarias.com\/es\/sistemas-de-aplicacion\/"},{"@type":"ListItem","position":3,"name":"Sistema Antihumedad para Fachadas"}]},{"@type":"WebSite","@id":"https:\/\/yaya-canarias.com\/es\/#website","url":"https:\/\/yaya-canarias.com\/es\/","name":"Yaya Canarias","description":"home","publisher":{"@id":"https:\/\/yaya-canarias.com\/es\/#organization"},"potentialAction":[{"@type":"SearchAction","target":{"@type":"EntryPoint","urlTemplate":"https:\/\/yaya-canarias.com\/es\/?s={search_term_string}"},"query-input":{"@type":"PropertyValueSpecification","valueRequired":true,"valueName":"search_term_string"}}],"inLanguage":"es"},{"@type":"Organization","@id":"https:\/\/yaya-canarias.com\/es\/#organization","name":"YaYa Materiales, SLU","url":"https:\/\/yaya-canarias.com\/es\/","logo":{"@type":"ImageObject","inLanguage":"es","@id":"https:\/\/yaya-canarias.com\/es\/#\/schema\/logo\/image\/","url":"https:\/\/yaya-canarias.com\/wp-content\/uploads\/Logo-YaYa.jpg","contentUrl":"https:\/\/yaya-canarias.com\/wp-content\/uploads\/Logo-YaYa.jpg","width":581,"height":872,"caption":"YaYa Materiales, SLU"},"image":{"@id":"https:\/\/yaya-canarias.com\/es\/#\/schema\/logo\/image\/"}}]}},"spectra_custom_meta":{"_wpml_word_count":["{\"total\":1240,\"to_translate\":{\"nl\":1240,\"en\":1240,\"de\":1240}}"],"_edit_lock":["1558773179:2"],"_edit_last":["2"],"_wpml_media_featured":["1"],"_wpml_media_duplicate":["1"],"_yoast_wpseo_content_score":["60"],"_uag_migration_processed":["1"],"copied_media_ids":["a:0:{}"],"referenced_media_ids":["a:0:{}"],"_uag_page_assets":["a:9:{s:3:\"css\";s:0:\"\";s:2:\"js\";s:0:\"\";s:18:\"current_block_list\";a:0:{}s:8:\"uag_flag\";b:0;s:11:\"uag_version\";s:10:\"1777266137\";s:6:\"gfonts\";a:0:{}s:10:\"gfonts_url\";s:0:\"\";s:12:\"gfonts_files\";a:0:{}s:14:\"uag_faq_layout\";b:0;}"]},"uagb_featured_image_src":{"full":false,"thumbnail":false,"medium":false,"medium_large":false,"large":false,"1536x1536":false,"2048x2048":false},"uagb_author_info":{"display_name":"itlapalma","author_link":"https:\/\/yaya-canarias.com\/es\/author\/itlapalma\/"},"uagb_comment_info":0,"uagb_excerpt":"Sistema Antihumedad para Fachadas El saneamiento de una pared h\u00fameda depende desde donde entra el agua: desde arriba, debido a [&hellip;]","_links":{"self":[{"href":"https:\/\/yaya-canarias.com\/es\/wp-json\/wp\/v2\/pages\/588","targetHints":{"allow":["GET"]}}],"collection":[{"href":"https:\/\/yaya-canarias.com\/es\/wp-json\/wp\/v2\/pages"}],"about":[{"href":"https:\/\/yaya-canarias.com\/es\/wp-json\/wp\/v2\/types\/page"}],"author":[{"embeddable":true,"href":"https:\/\/yaya-canarias.com\/es\/wp-json\/wp\/v2\/users\/2"}],"replies":[{"embeddable":true,"href":"https:\/\/yaya-canarias.com\/es\/wp-json\/wp\/v2\/comments?post=588"}],"version-history":[{"count":0,"href":"https:\/\/yaya-canarias.com\/es\/wp-json\/wp\/v2\/pages\/588\/revisions"}],"up":[{"embeddable":true,"href":"https:\/\/yaya-canarias.com\/es\/wp-json\/wp\/v2\/pages\/470"}],"wp:attachment":[{"href":"https:\/\/yaya-canarias.com\/es\/wp-json\/wp\/v2\/media?parent=588"}],"curies":[{"name":"wp","href":"https:\/\/api.w.org\/{rel}","templated":true}]}}