{"id":596,"date":"2019-04-08T14:23:00","date_gmt":"2019-04-08T14:23:00","guid":{"rendered":"https:\/\/yaya-canarias.com\/?page_id=596"},"modified":"2019-04-09T12:49:28","modified_gmt":"2019-04-09T12:49:28","slug":"sistema-anticorrosion-para-metales","status":"publish","type":"page","link":"https:\/\/yaya-canarias.com\/es\/sistemas-de-aplicacion\/sistema-anticorrosion-para-metales\/","title":{"rendered":"Sistema Anticorros\u00edon para Metales"},"content":{"rendered":"<h1>Sistema Anticorros\u00edon para Metales<\/h1>\n<p>El saneamiento de herrumbre en hierro o acero implica dos aspectos:<\/p>\n<ul>\n<li>Terminar con el proceso de la corrosi\u00f3n<\/li>\n<li>Proteger la superficie contra ataques futuros<\/li>\n<\/ul>\n<hr \/>\n<h2>Todo esto se soluciona con el Sistema Anticorros\u00edon para Metales<\/h2>\n<p>Los pasos a seguir para el saneamiento de herrumbre siempre son los mismos:<\/p>\n<ol type=\"1\">\n<li>Preparar la superficie del metal adecuadamente<\/li>\n<li>Sellar y neutralizar los restos del herrumbre<\/li>\n<li>Usar un recubrimiento que resiste a las influencias nocivas del medioambiente<\/li>\n<\/ol>\n<hr \/>\n<p>Hay varios sistemas para proteger metal ferroso contra el herrumbre, siempre con el objetivo de evitar que el metal se ponga en contacto con humedad y ox\u00edgeno, lo cual provoca la reacci\u00f3n qu\u00edmica de la corrosi\u00f3n, form\u00e1ndose \u00e1cidos. A continuaci\u00f3n, estos \u00e1cidos se comen al metal ferroso, expulsando hacia la superficie exterior el \u00f3xido de hierro = herrumbre, que se forma durante el proceso.<\/p>\n<ul>\n<li>Chapar el metal electrol\u00edticamente con zinc (galvanizar) a fuego o con pistola<\/li>\n<li>Pintar con pintura a base de zinc<\/li>\n<li>Pintar con pintura a base de resinas epox\u00eddicas o de poliuretano<\/li>\n<li>El sistema\u00a0<span style=\"color: #ff0000;\"><b>BOB<\/b><\/span><\/li>\n<\/ul>\n<p>La mayor\u00eda de estos sistemas o pinturas contra el herrumbre, en verjas, puentes, coches, ferrocarriles, barcos etc\u00e9tera funcionan bastante bien en soportes nuevos, pero tienen una gran desventaja: necesitan un soporte extremadamente limpio, ya que no sirve para nada solamente cubrir la superficie; el proceso qu\u00edmico sigue debajo. Por eso, normalmente no se admite ni una huella de herrumbre ni de sal ni de humedad en el material para tratar. Lamentablemente, el hierro que se ha limpiado a tope con por ejemplo chorro de arena, coge herrumbre otra vez dentro de 20 minutos (!), expuesto a un medioambiente agresivo como al lado del mar. As\u00ed resulta bastante dif\u00edcil hasta imposible tratar metales ubicados al lado del mar, en barcos etc\u00e9tera.<br \/>\nDesde hace poco tiempo hay un material que evita estos problemas completamente, porque no precisa que se saque todo el herrumbre del metal para tratar: el sellador de herrumbre\u00a0<span style=\"color: #ff0000;\"><b>BOB<\/b><\/span>. Se trata de una resina de poliuretano, que sella el herrumbre existente en lugar de cubrirlo. El proceso del sellado funciona por una transformaci\u00f3n qu\u00edmica: la humedad y el ox\u00edgeno contenido en el herrumbre se convierten en CO<sub>2<\/sub>, que se evapora. El ox\u00edgeno y los \u00e1cidos restantes se ligan, encapsul\u00e1ndose. As\u00ed el proceso de la corrosi\u00f3n se para completamente y para siempre.\u00a0<span style=\"color: #ff0000;\"><b>BOB<\/b><\/span>\u00a0es tan l\u00edquido, que penetra los capilares hasta la superficie del metal sano. Esto incluso funciona a trav\u00e9s de pintura existente.<\/p>\n<hr \/>\n<h2>(1) Preparar la superficie del metal adecuadamente<\/h2>\n<p>Este primer paso es el m\u00e1s importante de todos. Cuando la base no est\u00e1 bien preparada, no se puede pegar ning\u00fan tipo de protector o de pintura suficientemente. Para aplicar el sellador de herrumbre\u00a0<span style=\"color: #ff0000;\">BOB<\/span>\u00a0siempre se necesita un soporte:<\/p>\n<ul>\n<li>firme<\/li>\n<li>limpio<\/li>\n<li>seco o ligeramente h\u00famedo<\/li>\n<li>desempolvado<\/li>\n<li>sin partes sueltas<\/li>\n<li>sin sustancias separadoras como grasas, Tefl\u00f3n, siliconas etc\u00e9tera<\/li>\n<\/ul>\n<p>Para cumplir estas exigencias, primero hay que limpiar el metal en todos los casos,\u00a0 de polvo, de suciedad, y de sustancias separadoras como grasa y pinturas con car\u00e1cter repelente. De todas formas, hay que sacar todas las partes\u00a0<u>sueltas<\/u>\u00a0del herrumbre o pinturas viejas,\u00a0<u>que se despeguen<\/u>. Este trabajo se hace con una brocha met\u00e1lica o con una m\u00e1quina de chorro de arena. Tambi\u00e9n hay m\u00e1quinas que trabajan con agujas de acero.<\/p>\n<p align=\"center\"><b>\u00a1No es necesario sacar todo el herrumbre, sino s\u00f3lo las partes sueltas!<\/b><\/p>\n<hr \/>\n<h2>(2) Sellar y neutralizar los restos del herrumbre<\/h2>\n<p><span style=\"color: #ff0000;\"><b>BOB<\/b><\/span>\u00a0se puede dar en hierro, acero, zinc (galvanizados), cobre, lat\u00f3n y otros metales que no contienen hierro.<\/p>\n<p>En la superficie preparada se dan con una brocha dura una o dos manos de ~40 \u00b5m del\u00a0<span style=\"color: #ff0000;\"><b>BOB<\/b><\/span>, esperando aproximadamente 1 hora entre ellos. Si\u00a0<span style=\"color: #ff0000;\"><b>BOB<\/b><\/span>\u00a0se da con pistola, hay que diluirlo con un 5% de Nitro. La cantidad exacta, que se va a gastar no se puede calcular antes de saber cuanto material va ser absorvido. Esto depende de la porosidad del metal. De todas formas basta, cuando la superficie tiene un aspecto igualmente satinado sin sitios mates ni manchados.<\/p>\n<p>No se recomienda dar m\u00e1s de 2 manos, lo que pudiera resultar en una adhesi\u00f3n limitada.<\/p>\n<p><b>\u00a1CUIDADO!<\/b>\u00a0<span style=\"color: #ff0000;\"><b>BOB<\/b><\/span>\u00a0se endurece por la asimilaci\u00f3n de humedad. Por eso, no se puede dejar el bote abierto.\u00a0<u>Es muy recomendable, abrir el bote, sacar inmediatamente la cantidad del material, que se va a usar dentro de media hora y volver a cerrarlo enseguida.<\/u><\/p>\n<p>A continuaci\u00f3n (entre 1 hora y m\u00e1ximo 8 horas despu\u00e9s de la \u00faltima mano del BOB) se da el primer (fondo) a base de resinas de epoxi de dos componentes\u00a0<span style=\"color: #ff0000;\"><b>ANTORIT EPOXI<\/b><\/span>. Este material es extremadamente denso y completamente estanque con un efecto anticorrosivo en metales. Sobre todo rellena los poros del herrumbre sellado y garantiza as\u00ed una superficie lisa y homog\u00e9nea. Se usa incluso en embarcaciones de cualquier tipo y materiales (madera, fibra, acero o aluminio) para encima o debajo de la l\u00ednea de flotaci\u00f3n. Una vez vencidos las 8 horas despu\u00e9s de la \u00faltima mano del\u00a0<span style=\"color: #ff0000;\"><b>BOB<\/b><\/span>, hay que lijar la superficie con papel de lija grano 80.<br \/>\nEn barcos, debajo de la l\u00ednea de flotaci\u00f3n o siempre cuando el material est\u00e9 sumergido bajo agua para siempre, se dan 2 manos del\u00a0<span style=\"color: #ff0000;\"><b>ANTORIT EPOXI<\/b><\/span>, en todos los dem\u00e1s casos basta 1 mano. Hay que esperar entre las dos manos o antes de dar la pintura final 8 horas. Pasados los 5 d\u00edas, hay que lijar la superficie con papel de lija grano 80.<br \/>\nLos 2 componentes del\u00a0<span style=\"color: #ff0000;\"><b>ANTORIT EPOXI<\/b><\/span>\u00a0tienen que mezclarse muy debidamente (&gt;3 min.) en el bote grande. A continuaci\u00f3n, el material tiene que hacer una reacci\u00f3n qu\u00edmica durante 30 min. Despu\u00e9s, se mezcla otra vez y ya se puede dar, para lo que quedan 8 horas. En caso de diluir el material para darlo con pistola, se usa\u00a0<u>exclusivamente<\/u>\u00a0(!) el\u00a0<span style=\"color: #ff0000;\"><b>Disolvente 990<\/b><\/span>\u00a0(5-10%). Tambi\u00e9n se puede dar con brocha o rodillo.<\/p>\n<p>Te\u00f3ricamente, en casos ligeros solamente, se pudiera ahorrar la aplicaci\u00f3n del\u00a0<span style=\"color: #ff0000;\"><b>ANTORIT EPOXI<\/b><\/span>\u00a0y pasar enseguida a dar el barniz de poliuretano\u00a0<span style=\"color: #ff0000;\"><b>DD<\/b><\/span>\u00a0encima del\u00a0<span style=\"color: #ff0000;\"><b>BOB<\/b><\/span>. Advertimos, que este &#8216;ahorro&#8217; no est\u00e1 en concordancia con el\u00a0<span style=\"color: #ff0000;\"><em><b>Sistema Anticorrosi\u00f3n para Metales<\/b><\/em><\/span>\u00a0y por eso no lleva garant\u00eda ninguna.<\/p>\n<hr \/>\n<h2><b>(3) Usar un recubrimiento que resiste a las influencias nocivas del medioambiente<\/b><\/h2>\n<p>Las influencias del medioambiente atacan cualquier clase de barniz diariamente: el cambio de la temperatura, los rayos ultravioleta del sol, la sal del mar, emisiones t\u00f3xicas de f\u00e1bricas y coches, lluvia \u00e1cida etc\u00e9tera.<\/p>\n<p>Cualquier barniz de saneamiento para metales, que sea durable y fiable durante muchos a\u00f1os, especialmente en Canarias y Cuba, tiene que cumplir las siguientes condiciones:<\/p>\n<ul>\n<li><b>Muy resistente al agua<\/b><\/li>\n<li><b>Muy resistente a los rayos ultravioleta<\/b><\/li>\n<li><b>Muy resistente a la sal<\/b><\/li>\n<li><b>Muy resistente a las influencias nocivas del medioambiente (\u00e1cidos y lej\u00edas)<\/b><\/li>\n<li><b>Muy resistente al frotamiento y tenaz<\/b><\/li>\n<\/ul>\n<p>El barniz, que cumple todos estos requerimientos es un producto a base de poliuretano de 2 componetes para embarcaciones profesionales:\u00a0<span style=\"color: #ff0000;\"><b>Barniz DD<\/b><\/span>. Es brillante y se consigue en muchos colores.<\/p>\n<p>Siempre se dan 2 manos, al esperar 6 horas entre ellas. Una vez vencidos los 2 d\u00edas despu\u00e9s de la \u00faltima mano del\u00a0<span style=\"color: #ff0000;\"><b>Barniz DD<\/b><\/span>, hay que lijar la superficie con papel de lija grano 80.<\/p>\n<p>Los 2 componentes del\u00a0<span style=\"color: #ff0000;\"><b>Barniz DD<\/b><\/span>\u00a0tienen que mezclarse muy debidamente (&gt;3 min.) en el bote grande. A continuaci\u00f3n, el material tiene que hacer una reacci\u00f3n qu\u00edmica durante 15 min. Despu\u00e9s, se mezcla otra vez y ya se puede dar, para lo que quedan 8 horas. En caso de diluir el material para darlo con pistola, se usa\u00a0<u>exclusivamente<\/u>\u00a0(!) el\u00a0<span style=\"color: #ff0000;\"><b>Disolvente 990<\/b><\/span>\u00a0(5-10%).<\/p>\n<p>El <strong><em><span style=\"color: #ff0000;\">Sistema Anticorrosi\u00f3n para Metales<\/span><\/em><\/strong>\u00a0est\u00e1 comprobado en Alemania y en Espa\u00f1a: por ejemplo en la gran torre de transmisiones de Berlin como en unos cuarteles en Canarias.<\/p>\n<p><strong>NOTA:<\/strong><br \/>\n<strong>El mejor material del mundo, s\u00f3lo lo ser\u00e1 si lo aplicas correctamente.<\/strong><\/p>\n<p>&nbsp;<\/p>\n","protected":false},"excerpt":{"rendered":"<p>Sistema Anticorros\u00edon para Metales El saneamiento de herrumbre en hierro o acero implica dos aspectos: Terminar con el proceso de [&hellip;]<\/p>\n","protected":false},"author":2,"featured_media":0,"parent":470,"menu_order":0,"comment_status":"closed","ping_status":"closed","template":"","meta":{"_uag_custom_page_level_css":"","site-sidebar-layout":"default","site-content-layout":"","ast-site-content-layout":"default","site-content-style":"default","site-sidebar-style":"default","ast-global-header-display":"","ast-banner-title-visibility":"","ast-main-header-display":"","ast-hfb-above-header-display":"","ast-hfb-below-header-display":"","ast-hfb-mobile-header-display":"","site-post-title":"","ast-breadcrumbs-content":"","ast-featured-img":"","footer-sml-layout":"","ast-disable-related-posts":"","theme-transparent-header-meta":"","adv-header-id-meta":"","stick-header-meta":"","header-above-stick-meta":"","header-main-stick-meta":"","header-below-stick-meta":"","astra-migrate-meta-layouts":"default","ast-page-background-enabled":"default","ast-page-background-meta":{"desktop":{"background-color":"var(--ast-global-color-4)","background-image":"","background-repeat":"repeat","background-position":"center center","background-size":"auto","background-attachment":"scroll","background-type":"","background-media":"","overlay-type":"","overlay-color":"","overlay-opacity":"","overlay-gradient":""},"tablet":{"background-color":"","background-image":"","background-repeat":"repeat","background-position":"center center","background-size":"auto","background-attachment":"scroll","background-type":"","background-media":"","overlay-type":"","overlay-color":"","overlay-opacity":"","overlay-gradient":""},"mobile":{"background-color":"","background-image":"","background-repeat":"repeat","background-position":"center center","background-size":"auto","background-attachment":"scroll","background-type":"","background-media":"","overlay-type":"","overlay-color":"","overlay-opacity":"","overlay-gradient":""}},"ast-content-background-meta":{"desktop":{"background-color":"var(--ast-global-color-5)","background-image":"","background-repeat":"repeat","background-position":"center center","background-size":"auto","background-attachment":"scroll","background-type":"","background-media":"","overlay-type":"","overlay-color":"","overlay-opacity":"","overlay-gradient":""},"tablet":{"background-color":"var(--ast-global-color-5)","background-image":"","background-repeat":"repeat","background-position":"center center","background-size":"auto","background-attachment":"scroll","background-type":"","background-media":"","overlay-type":"","overlay-color":"","overlay-opacity":"","overlay-gradient":""},"mobile":{"background-color":"var(--ast-global-color-5)","background-image":"","background-repeat":"repeat","background-position":"center center","background-size":"auto","background-attachment":"scroll","background-type":"","background-media":"","overlay-type":"","overlay-color":"","overlay-opacity":"","overlay-gradient":""}},"footnotes":""},"class_list":["post-596","page","type-page","status-publish","hentry"],"yoast_head":"<!-- This site is optimized with the Yoast SEO plugin v27.3 - https:\/\/yoast.com\/product\/yoast-seo-wordpress\/ -->\n<title>Sistema Anticorros\u00edon para Metales - Yaya Canarias<\/title>\n<meta name=\"robots\" content=\"index, follow, max-snippet:-1, max-image-preview:large, max-video-preview:-1\" \/>\n<link rel=\"canonical\" href=\"https:\/\/yaya-canarias.com\/es\/sistemas-de-aplicacion\/sistema-anticorrosion-para-metales\/\" \/>\n<meta property=\"og:locale\" content=\"es_ES\" \/>\n<meta property=\"og:type\" content=\"article\" \/>\n<meta property=\"og:title\" content=\"Sistema Anticorros\u00edon para Metales - Yaya Canarias\" \/>\n<meta property=\"og:description\" content=\"Sistema Anticorros\u00edon para Metales El saneamiento de herrumbre en hierro o acero implica dos aspectos: Terminar con el proceso de [&hellip;]\" \/>\n<meta property=\"og:url\" content=\"https:\/\/yaya-canarias.com\/es\/sistemas-de-aplicacion\/sistema-anticorrosion-para-metales\/\" \/>\n<meta property=\"og:site_name\" content=\"Yaya Canarias\" \/>\n<meta property=\"article:modified_time\" content=\"2019-04-09T12:49:28+00:00\" \/>\n<meta name=\"twitter:card\" content=\"summary_large_image\" \/>\n<meta name=\"twitter:label1\" content=\"Tiempo de lectura\" \/>\n\t<meta name=\"twitter:data1\" content=\"7 minutos\" \/>\n<script type=\"application\/ld+json\" class=\"yoast-schema-graph\">{\"@context\":\"https:\\\/\\\/schema.org\",\"@graph\":[{\"@type\":\"WebPage\",\"@id\":\"https:\\\/\\\/yaya-canarias.com\\\/es\\\/sistemas-de-aplicacion\\\/sistema-anticorrosion-para-metales\\\/\",\"url\":\"https:\\\/\\\/yaya-canarias.com\\\/es\\\/sistemas-de-aplicacion\\\/sistema-anticorrosion-para-metales\\\/\",\"name\":\"Sistema Anticorros\u00edon para Metales - Yaya Canarias\",\"isPartOf\":{\"@id\":\"https:\\\/\\\/yaya-canarias.com\\\/es\\\/#website\"},\"datePublished\":\"2019-04-08T14:23:00+00:00\",\"dateModified\":\"2019-04-09T12:49:28+00:00\",\"breadcrumb\":{\"@id\":\"https:\\\/\\\/yaya-canarias.com\\\/es\\\/sistemas-de-aplicacion\\\/sistema-anticorrosion-para-metales\\\/#breadcrumb\"},\"inLanguage\":\"es\",\"potentialAction\":[{\"@type\":\"ReadAction\",\"target\":[\"https:\\\/\\\/yaya-canarias.com\\\/es\\\/sistemas-de-aplicacion\\\/sistema-anticorrosion-para-metales\\\/\"]}]},{\"@type\":\"BreadcrumbList\",\"@id\":\"https:\\\/\\\/yaya-canarias.com\\\/es\\\/sistemas-de-aplicacion\\\/sistema-anticorrosion-para-metales\\\/#breadcrumb\",\"itemListElement\":[{\"@type\":\"ListItem\",\"position\":1,\"name\":\"Home\",\"item\":\"https:\\\/\\\/yaya-canarias.com\\\/es\\\/\"},{\"@type\":\"ListItem\",\"position\":2,\"name\":\"Sistemas de Aplicaci\u00f3n\",\"item\":\"https:\\\/\\\/yaya-canarias.com\\\/es\\\/sistemas-de-aplicacion\\\/\"},{\"@type\":\"ListItem\",\"position\":3,\"name\":\"Sistema Anticorros\u00edon para Metales\"}]},{\"@type\":\"WebSite\",\"@id\":\"https:\\\/\\\/yaya-canarias.com\\\/es\\\/#website\",\"url\":\"https:\\\/\\\/yaya-canarias.com\\\/es\\\/\",\"name\":\"Yaya Canarias\",\"description\":\"home\",\"publisher\":{\"@id\":\"https:\\\/\\\/yaya-canarias.com\\\/es\\\/#organization\"},\"potentialAction\":[{\"@type\":\"SearchAction\",\"target\":{\"@type\":\"EntryPoint\",\"urlTemplate\":\"https:\\\/\\\/yaya-canarias.com\\\/es\\\/?s={search_term_string}\"},\"query-input\":{\"@type\":\"PropertyValueSpecification\",\"valueRequired\":true,\"valueName\":\"search_term_string\"}}],\"inLanguage\":\"es\"},{\"@type\":\"Organization\",\"@id\":\"https:\\\/\\\/yaya-canarias.com\\\/es\\\/#organization\",\"name\":\"YaYa Materiales, SLU\",\"url\":\"https:\\\/\\\/yaya-canarias.com\\\/es\\\/\",\"logo\":{\"@type\":\"ImageObject\",\"inLanguage\":\"es\",\"@id\":\"https:\\\/\\\/yaya-canarias.com\\\/es\\\/#\\\/schema\\\/logo\\\/image\\\/\",\"url\":\"https:\\\/\\\/yaya-canarias.com\\\/wp-content\\\/uploads\\\/Logo-YaYa.jpg\",\"contentUrl\":\"https:\\\/\\\/yaya-canarias.com\\\/wp-content\\\/uploads\\\/Logo-YaYa.jpg\",\"width\":581,\"height\":872,\"caption\":\"YaYa Materiales, SLU\"},\"image\":{\"@id\":\"https:\\\/\\\/yaya-canarias.com\\\/es\\\/#\\\/schema\\\/logo\\\/image\\\/\"}}]}<\/script>\n<!-- \/ Yoast SEO plugin. -->","yoast_head_json":{"title":"Sistema Anticorros\u00edon para Metales - Yaya Canarias","robots":{"index":"index","follow":"follow","max-snippet":"max-snippet:-1","max-image-preview":"max-image-preview:large","max-video-preview":"max-video-preview:-1"},"canonical":"https:\/\/yaya-canarias.com\/es\/sistemas-de-aplicacion\/sistema-anticorrosion-para-metales\/","og_locale":"es_ES","og_type":"article","og_title":"Sistema Anticorros\u00edon para Metales - Yaya Canarias","og_description":"Sistema Anticorros\u00edon para Metales El saneamiento de herrumbre en hierro o acero implica dos aspectos: Terminar con el proceso de [&hellip;]","og_url":"https:\/\/yaya-canarias.com\/es\/sistemas-de-aplicacion\/sistema-anticorrosion-para-metales\/","og_site_name":"Yaya Canarias","article_modified_time":"2019-04-09T12:49:28+00:00","twitter_card":"summary_large_image","twitter_misc":{"Tiempo de lectura":"7 minutos"},"schema":{"@context":"https:\/\/schema.org","@graph":[{"@type":"WebPage","@id":"https:\/\/yaya-canarias.com\/es\/sistemas-de-aplicacion\/sistema-anticorrosion-para-metales\/","url":"https:\/\/yaya-canarias.com\/es\/sistemas-de-aplicacion\/sistema-anticorrosion-para-metales\/","name":"Sistema Anticorros\u00edon para Metales - Yaya Canarias","isPartOf":{"@id":"https:\/\/yaya-canarias.com\/es\/#website"},"datePublished":"2019-04-08T14:23:00+00:00","dateModified":"2019-04-09T12:49:28+00:00","breadcrumb":{"@id":"https:\/\/yaya-canarias.com\/es\/sistemas-de-aplicacion\/sistema-anticorrosion-para-metales\/#breadcrumb"},"inLanguage":"es","potentialAction":[{"@type":"ReadAction","target":["https:\/\/yaya-canarias.com\/es\/sistemas-de-aplicacion\/sistema-anticorrosion-para-metales\/"]}]},{"@type":"BreadcrumbList","@id":"https:\/\/yaya-canarias.com\/es\/sistemas-de-aplicacion\/sistema-anticorrosion-para-metales\/#breadcrumb","itemListElement":[{"@type":"ListItem","position":1,"name":"Home","item":"https:\/\/yaya-canarias.com\/es\/"},{"@type":"ListItem","position":2,"name":"Sistemas de Aplicaci\u00f3n","item":"https:\/\/yaya-canarias.com\/es\/sistemas-de-aplicacion\/"},{"@type":"ListItem","position":3,"name":"Sistema Anticorros\u00edon para Metales"}]},{"@type":"WebSite","@id":"https:\/\/yaya-canarias.com\/es\/#website","url":"https:\/\/yaya-canarias.com\/es\/","name":"Yaya Canarias","description":"home","publisher":{"@id":"https:\/\/yaya-canarias.com\/es\/#organization"},"potentialAction":[{"@type":"SearchAction","target":{"@type":"EntryPoint","urlTemplate":"https:\/\/yaya-canarias.com\/es\/?s={search_term_string}"},"query-input":{"@type":"PropertyValueSpecification","valueRequired":true,"valueName":"search_term_string"}}],"inLanguage":"es"},{"@type":"Organization","@id":"https:\/\/yaya-canarias.com\/es\/#organization","name":"YaYa Materiales, SLU","url":"https:\/\/yaya-canarias.com\/es\/","logo":{"@type":"ImageObject","inLanguage":"es","@id":"https:\/\/yaya-canarias.com\/es\/#\/schema\/logo\/image\/","url":"https:\/\/yaya-canarias.com\/wp-content\/uploads\/Logo-YaYa.jpg","contentUrl":"https:\/\/yaya-canarias.com\/wp-content\/uploads\/Logo-YaYa.jpg","width":581,"height":872,"caption":"YaYa Materiales, SLU"},"image":{"@id":"https:\/\/yaya-canarias.com\/es\/#\/schema\/logo\/image\/"}}]}},"spectra_custom_meta":{"_wpml_word_count":["{\"total\":1268,\"to_translate\":{\"nl\":1268,\"en\":1268,\"de\":1268}}"],"_edit_last":["2"],"_yoast_wpseo_content_score":["30"],"_wpml_media_duplicate":["1"],"_wpml_media_featured":["1"],"_edit_lock":["1681979874:2"],"_uag_migration_processed":["1"],"copied_media_ids":["a:0:{}"],"referenced_media_ids":["a:0:{}"],"_uag_page_assets":["a:9:{s:3:\"css\";s:0:\"\";s:2:\"js\";s:0:\"\";s:18:\"current_block_list\";a:0:{}s:8:\"uag_flag\";b:0;s:11:\"uag_version\";s:10:\"1775452829\";s:6:\"gfonts\";a:0:{}s:10:\"gfonts_url\";s:0:\"\";s:12:\"gfonts_files\";a:0:{}s:14:\"uag_faq_layout\";b:0;}"]},"uagb_featured_image_src":{"full":false,"thumbnail":false,"medium":false,"medium_large":false,"large":false,"1536x1536":false,"2048x2048":false},"uagb_author_info":{"display_name":"itlapalma","author_link":"https:\/\/yaya-canarias.com\/es\/author\/itlapalma\/"},"uagb_comment_info":0,"uagb_excerpt":"Sistema Anticorros\u00edon para Metales El saneamiento de herrumbre en hierro o acero implica dos aspectos: Terminar con el proceso de [&hellip;]","_links":{"self":[{"href":"https:\/\/yaya-canarias.com\/es\/wp-json\/wp\/v2\/pages\/596","targetHints":{"allow":["GET"]}}],"collection":[{"href":"https:\/\/yaya-canarias.com\/es\/wp-json\/wp\/v2\/pages"}],"about":[{"href":"https:\/\/yaya-canarias.com\/es\/wp-json\/wp\/v2\/types\/page"}],"author":[{"embeddable":true,"href":"https:\/\/yaya-canarias.com\/es\/wp-json\/wp\/v2\/users\/2"}],"replies":[{"embeddable":true,"href":"https:\/\/yaya-canarias.com\/es\/wp-json\/wp\/v2\/comments?post=596"}],"version-history":[{"count":0,"href":"https:\/\/yaya-canarias.com\/es\/wp-json\/wp\/v2\/pages\/596\/revisions"}],"up":[{"embeddable":true,"href":"https:\/\/yaya-canarias.com\/es\/wp-json\/wp\/v2\/pages\/470"}],"wp:attachment":[{"href":"https:\/\/yaya-canarias.com\/es\/wp-json\/wp\/v2\/media?parent=596"}],"curies":[{"name":"wp","href":"https:\/\/api.w.org\/{rel}","templated":true}]}}